{"id":5,"date":"2020-12-06T12:38:19","date_gmt":"2020-12-06T12:38:19","guid":{"rendered":"https:\/\/new.k3hambaravi.ee\/?page_id=3"},"modified":"2021-03-10T08:38:23","modified_gmt":"2021-03-10T06:38:23","slug":"privacy-policy","status":"publish","type":"page","link":"https:\/\/www.k3hambaravi.ee\/ru\/privacy-policy\/","title":{"rendered":"Privaatsuspoliitika"},"content":{"rendered":"\t\t<div data-elementor-type=\"wp-page\" data-elementor-id=\"5\" class=\"elementor elementor-5\" data-elementor-post-type=\"page\">\n\t\t\t\t\t\t<section class=\"elementor-section elementor-top-section elementor-element elementor-element-62f19e1 elementor-section-height-min-height elementor-section-boxed elementor-section-height-default elementor-section-items-middle\" data-id=\"62f19e1\" data-element_type=\"section\" data-e-type=\"section\" data-settings=\"{&quot;background_background&quot;:&quot;classic&quot;}\">\n\t\t\t\t\t\t\t<div class=\"elementor-background-overlay\"><\/div>\n\t\t\t\t\t\t\t<div class=\"elementor-container elementor-column-gap-default\">\n\t\t\t\t\t<div class=\"elementor-column elementor-col-100 elementor-top-column elementor-element elementor-element-46bdc3e\" data-id=\"46bdc3e\" data-element_type=\"column\" data-e-type=\"column\">\n\t\t\t<div class=\"elementor-widget-wrap elementor-element-populated\">\n\t\t\t\t\t\t<div class=\"elementor-element elementor-element-f4ddaee elementor-widget elementor-widget-heading\" data-id=\"f4ddaee\" data-element_type=\"widget\" data-e-type=\"widget\" data-widget_type=\"heading.default\">\n\t\t\t\t<div class=\"elementor-widget-container\">\n\t\t\t\t\t<h1 class=\"elementor-heading-title elementor-size-default\">Privaatsuspoliitika<\/h1>\t\t\t\t<\/div>\n\t\t\t\t<\/div>\n\t\t\t\t\t<\/div>\n\t\t<\/div>\n\t\t\t\t\t<\/div>\n\t\t<\/section>\n\t\t\t\t<section class=\"elementor-section elementor-top-section elementor-element elementor-element-3cfe688b elementor-section-boxed elementor-section-height-default elementor-section-height-default\" data-id=\"3cfe688b\" data-element_type=\"section\" data-e-type=\"section\">\n\t\t\t\t\t\t<div class=\"elementor-container elementor-column-gap-default\">\n\t\t\t\t\t<div class=\"elementor-column elementor-col-100 elementor-top-column elementor-element elementor-element-4fcfdf27\" data-id=\"4fcfdf27\" data-element_type=\"column\" data-e-type=\"column\">\n\t\t\t<div class=\"elementor-widget-wrap elementor-element-populated\">\n\t\t\t\t\t\t<div class=\"elementor-element elementor-element-140c9a27 elementor-widget elementor-widget-text-editor\" data-id=\"140c9a27\" data-element_type=\"widget\" data-e-type=\"widget\" data-widget_type=\"text-editor.default\">\n\t\t\t\t<div class=\"elementor-widget-container\">\n\t\t\t\t\t\t\t\t\t\n<p>K 3 Hambaravi O\u00dc-l on kohustus kaitsta enda patsientide privaatsust ning tagada turvaline ja seaduslik andmet\u00f6\u00f6tlus. K 3 Hambaravi O\u00dc-s kehtivad isikuandmete t\u00f6\u00f6tlemise p\u00f5him\u00f5tted rakenduvad siis, kui patsient on avaldanud soovi kasutada v\u00f5i on juba kasutanud K 3 Hambaravi O\u00dc poolt osutatavaid raviteenuseid. K\u00f5ik kehtivad p\u00f5him\u00f5tted on koosk\u00f5las Eesti Vabariigis ja Euroopa Liidus kehtivate \u00f5igusaktidega.<\/p>\n\n\n\n<h3 class=\"wp-block-heading\"><strong>I M\u00f5isted<\/strong><\/h3>\n\n\n\n<p>1. Patsient \u2013 f\u00fc\u00fcsiline isik, kes on kasutanud v\u00f5i on avaldanud soovi kasutada K 3 Hambaravi O\u00dc poolt pakutavaid raviteenuseid.<br>2. Isikuandmed \u2013 igasugune teave otseselt v\u00f5i kaudselt tuvastatava f\u00fc\u00fcsilise isiku kohta.<br>3. Isikuandmete t\u00f6\u00f6tlemine \u2013 isikuandmetega igasugune tehtav toiming (sh kogumine, dokumenteerimine, korrastamine, struktureerimine, s\u00e4ilitamine, kohandamine ja muutmine, p\u00e4ringute tegemine, lugemine, kasutamine, edastamise, levitamise v\u00f5i muul moel k\u00e4ttesaadavaks tegemise teel avalikustamine, \u00fchitamine v\u00f5i \u00fchendamine, piiramine, kustutamine v\u00f5i h\u00e4vitamine).<br>4. Terviseandmed \u2013 f\u00fc\u00fcsilise isiku f\u00fc\u00fcsilise ja vaimse tervisega seotud isikuandmed, sealhulgas temale tervishoiuteenuste osutamist k\u00e4sitlevad andmed, mis annavad teavet tema tervisliku seisundi kohta.<\/p>\n\n\n\n<h3 class=\"wp-block-heading\"><strong>II \u00dclds\u00e4tted<\/strong><\/h3>\n\n\n\n<p>2.1 K 3 Hambaravi O\u00dc rakendab seaduslikke, f\u00fc\u00fcsilisi, infotehnoloogilisi ja organisatsioonilisi abin\u00f5usid, et tagada turvaline isikuandmete t\u00f6\u00f6tlus.<br>2.2 K 3 Hambaravi O\u00dc v\u00f5ib kasutada volitatud t\u00f6\u00f6tlejaid. Volitatud t\u00f6\u00f6tlejaid rakendavad isikuandmete t\u00f6\u00f6tlemisel samu p\u00f5him\u00f5tteid, mis K 3 Hambaravi O\u00dc.<\/p>\n\n\n\n<h3 class=\"wp-block-heading\"><strong>III Isikuandmete kategooriad<\/strong><\/h3>\n\n\n\n<p>Isikuandmed, mida kogume patsiendilt ning registritest on j\u00e4rgnevad:<br>1. Patsienti tuvastavad isikuandmed \u2013 patsiendi nimi; isikukood.<br>2. Patsiendi kontaktandmed \u2013 mobiil; kodune telefon; elukoha aadress; e-post.<br>3. Patsiendi ravikindlustuse andmed \u2013 ravikindlustuse kehtivus Eesti Haigekassas.<br>4. Patsiendi terviseandmed \u2013 f\u00fc\u00fcsilise isiku f\u00fc\u00fcsilise ja vaimse tervisega seotud isikuandmed, sealhulgas temale tervishoiuteenuste osutamist k\u00e4sitlevad andmed, mis annavad teavet tema tervisliku seisundi kohta. Patsiendi terviseandmed v\u00f5ivad p\u00e4rineda nii patsiendilt endalt (sh ka esindajalt) kui ka E-tervisest.<br>5. Patsiendi finantsandmed \u2013 regulaarsed sissetulekud ning igakuised kohustused (n\u00e4it. laenude ja liisingute kuumaksed; krediitkaartide ja arvelduskrediidi kasutatud limiit).<br>6. Patsiendi tegevusala, t\u00f6\u00f6koht \u2013 patsiendi tegevusala (n\u00e4it. ettev\u00f5tja, spetsialist\/ametnik, teenindaja) ning t\u00f6\u00f6koht (n\u00e4it. ettev\u00f5tte nimi ning ametikoht).<\/p>\n\n\n\n<h3 class=\"wp-block-heading\"><strong>IV Isikuandmete t\u00f6\u00f6tlemise eesm\u00e4rgid ja alused<\/strong><\/h3>\n\n\n\n<p>Isikuandmete t\u00f6\u00f6tlemine K 3 Hambaravi O\u00dc-s toimub j\u00e4rgnevatel eesm\u00e4rkidel ning alustel:<br>4.1 Hambaravi teenuste osutamiseks \u2013 ennetamaks ning ravimaks inimeste suu\u00f5\u00f5ne- ja hambahaiguseid.<br>4.2 Pakkuda patsiendi soovil j\u00e4relmaksu. Enda kohta k\u00e4ivaid finantsandmeid (sh tegevusala ja t\u00f6\u00f6koht) avaldab patsient vaid j\u00e4relmaksu soovi korral. Andmete t\u00f6\u00f6tlemise kohustus tuleneb krediidiandjate ja -vahendajate seadusest.<br>4.3 Eesm\u00e4rgiga viia l\u00e4bi patsiendi eelneval n\u00f5usolekul patsiendi rahulolu uuringuid.<\/p>\n\n\n\n<h3 class=\"wp-block-heading\"><strong>V Isikuandmete edastamine<\/strong><\/h3>\n\n\n\n<p>K 3 Hambaravi O\u00dc-l on \u00f5igus v\u00f5i kohustus edastada patsiendi tuvastavaid isikuandmeid ning kontaktandmeid:<br>5.1 Ettev\u00f5tetele, kellega koost\u00f6\u00f6s pakub K 3 Hambaravi O\u00dc j\u00e4relmaksu. Edastamise kohustus tuleneb krediidiandjate ja -vahendajate seadusest ning lepingutest.<br>5.2 Ettev\u00f5tetele, kes pakuvad krediidihaldusteenuseid. Andmed edastatakse vaid juhul, kui patsiendil on K 3 Hambaravi O\u00dc ees t\u00e4itmata rahaline kohustus. Andmete edastamise \u00f5igus tuleneb v\u00f5la\u00f5igusseadusest.<br>5.3 Ettev\u00f5tetele ja riigiasutustele, kui andmete edastamise kohustus tuleneb seadusest.<\/p>\n\n\n\n<h3 class=\"wp-block-heading\"><strong>VI Terviseandmete edastamine<\/strong><\/h3>\n\n\n\n<p>K 3 Hambaravi O\u00dc-l on \u00f5igus v\u00f5i kohustus edastada patsiendi terviseandmeid j\u00e4rgnevatele asutustele\/ettev\u00f5tetele:<br>6.1 Tervise infos\u00fcsteemi (E-tervis). Edastamisele kuulub toimunud visiidi info. Edastamise kohustus tuleneb tervishoiuteenuste korraldamise seadusest.<br>6.2 Eesti Haigekassasse. Edastamisele kuulub visiidi info juhul, kui hambaraviteenuse eest tasub Eesti Haigekassa. Edastamise kohustus tuleneb ravikindlustuse seadusest ning K 3 Hambaravi O\u00dc ja Eesti Haigekassa vahelistest lepingutest.<br>6.3 Teistele raviasutustele (sh hambalaborid). Edastamisele kuuluvad need terviseandmed, mis on vajalikud, et osutada patsiendile raviteenuseid v\u00f5i valmistada proteetilisi t\u00f6id.<br>6.4 Ettev\u00f5tetele ja riigiasutustele, kui andmete edastamise kohustus tuleneb seadusest.<\/p>\n\n\n\n<h3 class=\"wp-block-heading\"><strong>VII Isikuandmete avaldamine<\/strong><\/h3>\n\n\n\n<p>K 3 Hambaravi O\u00dc poolt kogutud isikuandmeid avaldatakse juhul, kui:<br>7.1 selleks avaldab soovi patsient v\u00f5i tema seaduslik esindaja.<br>7.2 avaldamise kohustus tuleneb seadusest.<\/p>\n\n\n\n<h3 class=\"wp-block-heading\"><strong>VIII Andmete s\u00e4ilitamine<\/strong><\/h3>\n\n\n\n<p>8.1 K 3 Hambaravi O\u00dc s\u00e4ilitab patsientide terviseandmeid 110 aastat alates patsiendi s\u00fcnnist. Kohustus tuleneb m\u00e4\u00e4rusest \u201eTervishoiuteenuse osutamise dokumenteerimise ning nende dokumentide s\u00e4ilitamise tingimused ja kord\u201c.<\/p>\n\n\n\n<h3 class=\"wp-block-heading\"><strong>IX Patsiendi \u00f5igused<\/strong><\/h3>\n\n\n\n<p>9.1 Tutvuda enda kohta k\u00e4ivate isikuandmetega (sh saada v\u00e4ljatr\u00fckke ja koopiaid enda kohta k\u00e4ivate isikuandmete kohta).<br>9.2 Taotleda enda kohta k\u00e4ivate isikuandmete parandamist, kui andmed on valed v\u00f5i ebat\u00e4psed.<br>9.3 Taotleda enda isikuandmete kustutamist, kui seda v\u00f5imaldab seadus.<br>9.4 V\u00f5tta tagasi enda n\u00f5usolek patsientide rahuloleku uuringus osalemiseks.<br>9.5 Esitada kaebuseid Andmekaitse Inspektsioonile (Tatari 39, 10134 Tallinn; telefon 627 4135; e-posti aadress: info[a]<a href=\"http:\/\/aki.ee\/\" target=\"_blank\" rel=\"noreferrer noopener\">aki.ee<\/a>), kui patsient leiab, et isikuandmete t\u00f6\u00f6tlemine ei ole koosk\u00f5las kehtivate \u00f5igusaktidega ning riivab tema eraelu.<\/p>\n\n\n\n<h3 class=\"wp-block-heading\"><strong>X Andmekaitsespetsialisti kontakt<\/strong><\/h3>\n\n\n\n<p>10.1 Patsiendid v\u00f5ivad p\u00f6\u00f6rduda isikuandmete t\u00f6\u00f6tlusega seotud p\u00e4ringute ja kaebustega K 3 Hambaravi O\u00dc&nbsp; poole telefonil 6679993; e-posti aadressil&nbsp;<a href=\"mailto:k3hambaravi@gmail.ee\" target=\"_blank\" rel=\"noreferrer noopener\">k3hambaravi@gmail.ee<\/a>&nbsp;v\u00f5i aadressil P. S\u00fcda 11, 10118 Tallinn.<\/p>\n\n\n\n<h3 class=\"wp-block-heading\"><strong>XI Anal\u00fc\u00fctika<\/strong><\/h3>\n\n\n\n<p>11.1&nbsp;<a href=\"http:\/\/k3hambaravi.ee\/\" target=\"_blank\" rel=\"noreferrer noopener\">k3hambaravi.ee<\/a>&nbsp;kasutab Google anal\u00fc\u00fctikatarkvara ja m\u00f5\u00f5dab sellega veebilehe k\u00fclastatavust. Saadud andmed aitavad m\u00f5ista k\u00fclastajate k\u00e4itumist lehel ja selle tulemusena saame muuta kasutust k\u00fclastajatele mugavamaks. Google anal\u00fc\u00fctikatarkvara kasutab mitmeid k\u00fcpsiseid, mille abil saame teada, kas veebilehe k\u00fclastajad on sellel varem viibinud. Kui teie arvutis on sellised k\u00fcpsised olemas, annab teie veebilehitseja sellest meile teada; kui teil neid aga veel pole, siis pakume neid teie veebilehitsejale. Sel moel on meil v\u00f5imalik teada saada meie \u00fcksikkasutajate arv ja k\u00fclastamise sagedus. Neid k\u00fcpsiseid kasutatakse ainult statistika eesm\u00e4rkidel ja \u00fcksikkasutajaid ei ole v\u00f5imalik nende abil tuvastada. K\u00fclastajate isikuandmeid seejuures Google\u2019ile ei edastata. Peamine k\u00fcpsis, mida Google Analytics kasutab, on \u201e__ga\u201d.<\/p>\n\n\n\n<p>11.2 Muud k\u00fcpsised \u2013 <a href=\"http:\/\/k3hambaravi.ee\/\" target=\"_blank\" rel=\"noreferrer noopener\">k3hambaravi.ee<\/a>&nbsp;lehele on lisatud kolmandate osapoolte sisu (n\u00e4it. Facebooki k\u00fcpsised).<\/p>\n\n\n\n<p>11.3 K\u00fcpsiste piiramine v\u00f5i loobumine \u2013 selleks tuleb seadistada enda veebilehitseja vastava eelistuse j\u00e4rgi.<\/p>\n\t\t\t\t\t\t\t\t<\/div>\n\t\t\t\t<\/div>\n\t\t\t\t\t<\/div>\n\t\t<\/div>\n\t\t\t\t\t<\/div>\n\t\t<\/section>\n\t\t\t\t<\/div>\n\t\t","protected":false},"excerpt":{"rendered":"<p>K 3 Hambaravi O\u00dc-l on kohustus kaitsta enda patsientide privaatsust ning tagada turvaline ja seaduslik andmet\u00f6\u00f6tlus. K 3 Hambaravi O\u00dc-s kehtivad isikuandmete t\u00f6\u00f6tlemise p\u00f5him\u00f5tted rakenduvad siis, kui patsient on avaldanud soovi kasutada v\u00f5i on juba kasutanud K 3 Hambaravi O\u00dc poolt osutatavaid raviteenuseid. K\u00f5ik kehtivad p\u00f5him\u00f5tted on koosk\u00f5las Eesti Vabariigis ja Euroopa Liidus kehtivate \u00f5igusaktidega. [&hellip;]<\/p>\n","protected":false},"author":4,"featured_media":0,"parent":0,"menu_order":0,"comment_status":"closed","ping_status":"open","template":"elementor_header_footer","meta":{"footnotes":""},"class_list":["post-5","page","type-page","status-publish","hentry","entry"],"yoast_head":"<!-- This site is optimized with the Yoast SEO plugin v27.3 - https:\/\/yoast.com\/product\/yoast-seo-wordpress\/ -->\n<title>Privaatsuspoliitika | K3 Hambaravi<\/title>\n<meta name=\"robots\" content=\"noindex, follow\" \/>\n<meta property=\"og:locale\" content=\"ru_RU\" \/>\n<meta property=\"og:type\" content=\"article\" \/>\n<meta property=\"og:title\" content=\"Privaatsuspoliitika | K3 Hambaravi\" \/>\n<meta property=\"og:description\" content=\"K 3 Hambaravi O\u00dc-l on kohustus kaitsta enda patsientide privaatsust ning tagada turvaline ja seaduslik andmet\u00f6\u00f6tlus. K 3 Hambaravi O\u00dc-s kehtivad isikuandmete t\u00f6\u00f6tlemise p\u00f5him\u00f5tted rakenduvad siis, kui patsient on avaldanud soovi kasutada v\u00f5i on juba kasutanud K 3 Hambaravi O\u00dc poolt osutatavaid raviteenuseid. K\u00f5ik kehtivad p\u00f5him\u00f5tted on koosk\u00f5las Eesti Vabariigis ja Euroopa Liidus kehtivate \u00f5igusaktidega. [&hellip;]\" \/>\n<meta property=\"og:url\" content=\"https:\/\/www.k3hambaravi.ee\/ru\/privacy-policy\/\" \/>\n<meta property=\"og:site_name\" content=\"K3 Hambaravi\" \/>\n<meta property=\"article:modified_time\" content=\"2021-03-10T06:38:23+00:00\" \/>\n<meta property=\"og:image\" content=\"https:\/\/www.k3hambaravi.ee\/wp-content\/uploads\/2020\/12\/cropped-K3-logo-01-1.png\" \/>\n\t<meta property=\"og:image:width\" content=\"400\" \/>\n\t<meta property=\"og:image:height\" content=\"266\" \/>\n\t<meta property=\"og:image:type\" content=\"image\/png\" \/>\n<meta name=\"twitter:card\" content=\"summary_large_image\" \/>\n<script type=\"application\/ld+json\" class=\"yoast-schema-graph\">{\"@context\":\"https:\\\/\\\/schema.org\",\"@graph\":[{\"@type\":\"WebPage\",\"@id\":\"https:\\\/\\\/www.k3hambaravi.ee\\\/privacy-policy\\\/\",\"url\":\"https:\\\/\\\/www.k3hambaravi.ee\\\/privacy-policy\\\/\",\"name\":\"Privaatsuspoliitika | K3 Hambaravi\",\"isPartOf\":{\"@id\":\"https:\\\/\\\/www.k3hambaravi.ee\\\/#website\"},\"datePublished\":\"2020-12-06T12:38:19+00:00\",\"dateModified\":\"2021-03-10T06:38:23+00:00\",\"breadcrumb\":{\"@id\":\"https:\\\/\\\/www.k3hambaravi.ee\\\/privacy-policy\\\/#breadcrumb\"},\"inLanguage\":\"ru-RU\",\"potentialAction\":[{\"@type\":\"ReadAction\",\"target\":[\"https:\\\/\\\/www.k3hambaravi.ee\\\/privacy-policy\\\/\"]}]},{\"@type\":\"BreadcrumbList\",\"@id\":\"https:\\\/\\\/www.k3hambaravi.ee\\\/privacy-policy\\\/#breadcrumb\",\"itemListElement\":[{\"@type\":\"ListItem\",\"position\":1,\"name\":\"Home\",\"item\":\"https:\\\/\\\/www.k3hambaravi.ee\\\/\"},{\"@type\":\"ListItem\",\"position\":2,\"name\":\"Privaatsuspoliitika\"}]},{\"@type\":\"WebSite\",\"@id\":\"https:\\\/\\\/www.k3hambaravi.ee\\\/#website\",\"url\":\"https:\\\/\\\/www.k3hambaravi.ee\\\/\",\"name\":\"K3 Hambaravi\",\"description\":\"Kaasaegne hambaravikliinik Tallinna s&uuml;dalinnas\",\"publisher\":{\"@id\":\"https:\\\/\\\/www.k3hambaravi.ee\\\/#organization\"},\"potentialAction\":[{\"@type\":\"SearchAction\",\"target\":{\"@type\":\"EntryPoint\",\"urlTemplate\":\"https:\\\/\\\/www.k3hambaravi.ee\\\/?s={search_term_string}\"},\"query-input\":{\"@type\":\"PropertyValueSpecification\",\"valueRequired\":true,\"valueName\":\"search_term_string\"}}],\"inLanguage\":\"ru-RU\"},{\"@type\":\"Organization\",\"@id\":\"https:\\\/\\\/www.k3hambaravi.ee\\\/#organization\",\"name\":\"K3 Hambaravi\",\"url\":\"https:\\\/\\\/www.k3hambaravi.ee\\\/\",\"logo\":{\"@type\":\"ImageObject\",\"inLanguage\":\"ru-RU\",\"@id\":\"https:\\\/\\\/www.k3hambaravi.ee\\\/#\\\/schema\\\/logo\\\/image\\\/\",\"url\":\"https:\\\/\\\/www.k3hambaravi.ee\\\/wp-content\\\/uploads\\\/2020\\\/12\\\/cropped-K3-logo-01-1.png\",\"contentUrl\":\"https:\\\/\\\/www.k3hambaravi.ee\\\/wp-content\\\/uploads\\\/2020\\\/12\\\/cropped-K3-logo-01-1.png\",\"width\":400,\"height\":266,\"caption\":\"K3 Hambaravi\"},\"image\":{\"@id\":\"https:\\\/\\\/www.k3hambaravi.ee\\\/#\\\/schema\\\/logo\\\/image\\\/\"}}]}<\/script>\n<!-- \/ Yoast SEO plugin. -->","yoast_head_json":{"title":"Privaatsuspoliitika | K3 Hambaravi","robots":{"index":"noindex","follow":"follow"},"og_locale":"ru_RU","og_type":"article","og_title":"Privaatsuspoliitika | K3 Hambaravi","og_description":"K 3 Hambaravi O\u00dc-l on kohustus kaitsta enda patsientide privaatsust ning tagada turvaline ja seaduslik andmet\u00f6\u00f6tlus. K 3 Hambaravi O\u00dc-s kehtivad isikuandmete t\u00f6\u00f6tlemise p\u00f5him\u00f5tted rakenduvad siis, kui patsient on avaldanud soovi kasutada v\u00f5i on juba kasutanud K 3 Hambaravi O\u00dc poolt osutatavaid raviteenuseid. K\u00f5ik kehtivad p\u00f5him\u00f5tted on koosk\u00f5las Eesti Vabariigis ja Euroopa Liidus kehtivate \u00f5igusaktidega. [&hellip;]","og_url":"https:\/\/www.k3hambaravi.ee\/ru\/privacy-policy\/","og_site_name":"K3 Hambaravi","article_modified_time":"2021-03-10T06:38:23+00:00","og_image":[{"width":400,"height":266,"url":"https:\/\/www.k3hambaravi.ee\/wp-content\/uploads\/2020\/12\/cropped-K3-logo-01-1.png","type":"image\/png"}],"twitter_card":"summary_large_image","schema":{"@context":"https:\/\/schema.org","@graph":[{"@type":"WebPage","@id":"https:\/\/www.k3hambaravi.ee\/privacy-policy\/","url":"https:\/\/www.k3hambaravi.ee\/privacy-policy\/","name":"Privaatsuspoliitika | K3 Hambaravi","isPartOf":{"@id":"https:\/\/www.k3hambaravi.ee\/#website"},"datePublished":"2020-12-06T12:38:19+00:00","dateModified":"2021-03-10T06:38:23+00:00","breadcrumb":{"@id":"https:\/\/www.k3hambaravi.ee\/privacy-policy\/#breadcrumb"},"inLanguage":"ru-RU","potentialAction":[{"@type":"ReadAction","target":["https:\/\/www.k3hambaravi.ee\/privacy-policy\/"]}]},{"@type":"BreadcrumbList","@id":"https:\/\/www.k3hambaravi.ee\/privacy-policy\/#breadcrumb","itemListElement":[{"@type":"ListItem","position":1,"name":"Home","item":"https:\/\/www.k3hambaravi.ee\/"},{"@type":"ListItem","position":2,"name":"Privaatsuspoliitika"}]},{"@type":"WebSite","@id":"https:\/\/www.k3hambaravi.ee\/#website","url":"https:\/\/www.k3hambaravi.ee\/","name":"\u041a3 \u0417\u0423\u0411\u041d\u0410\u042f \u041a\u041b\u0418\u041d\u0418\u041a\u0410","description":"Kaasaegne hambaravikliinik Tallinna s&uuml;dalinnas","publisher":{"@id":"https:\/\/www.k3hambaravi.ee\/#organization"},"potentialAction":[{"@type":"SearchAction","target":{"@type":"EntryPoint","urlTemplate":"https:\/\/www.k3hambaravi.ee\/?s={search_term_string}"},"query-input":{"@type":"PropertyValueSpecification","valueRequired":true,"valueName":"search_term_string"}}],"inLanguage":"ru-RU"},{"@type":"Organization","@id":"https:\/\/www.k3hambaravi.ee\/#organization","name":"\u041a3 \u0417\u0423\u0411\u041d\u0410\u042f \u041a\u041b\u0418\u041d\u0418\u041a\u0410","url":"https:\/\/www.k3hambaravi.ee\/","logo":{"@type":"ImageObject","inLanguage":"ru-RU","@id":"https:\/\/www.k3hambaravi.ee\/#\/schema\/logo\/image\/","url":"https:\/\/www.k3hambaravi.ee\/wp-content\/uploads\/2020\/12\/cropped-K3-logo-01-1.png","contentUrl":"https:\/\/www.k3hambaravi.ee\/wp-content\/uploads\/2020\/12\/cropped-K3-logo-01-1.png","width":400,"height":266,"caption":"K3 Hambaravi"},"image":{"@id":"https:\/\/www.k3hambaravi.ee\/#\/schema\/logo\/image\/"}}]}},"_links":{"self":[{"href":"https:\/\/www.k3hambaravi.ee\/ru\/wp-json\/wp\/v2\/pages\/5","targetHints":{"allow":["GET"]}}],"collection":[{"href":"https:\/\/www.k3hambaravi.ee\/ru\/wp-json\/wp\/v2\/pages"}],"about":[{"href":"https:\/\/www.k3hambaravi.ee\/ru\/wp-json\/wp\/v2\/types\/page"}],"author":[{"embeddable":true,"href":"https:\/\/www.k3hambaravi.ee\/ru\/wp-json\/wp\/v2\/users\/4"}],"replies":[{"embeddable":true,"href":"https:\/\/www.k3hambaravi.ee\/ru\/wp-json\/wp\/v2\/comments?post=5"}],"version-history":[{"count":0,"href":"https:\/\/www.k3hambaravi.ee\/ru\/wp-json\/wp\/v2\/pages\/5\/revisions"}],"wp:attachment":[{"href":"https:\/\/www.k3hambaravi.ee\/ru\/wp-json\/wp\/v2\/media?parent=5"}],"curies":[{"name":"wp","href":"https:\/\/api.w.org\/{rel}","templated":true}]}}