{"id":3244,"date":"2022-09-21T11:49:09","date_gmt":"2022-09-21T08:49:09","guid":{"rendered":"https:\/\/www.k3hambaravi.ee\/?page_id=3244"},"modified":"2022-09-21T12:05:03","modified_gmt":"2022-09-21T09:05:03","slug":"toopakkumised","status":"publish","type":"page","link":"https:\/\/www.k3hambaravi.ee\/ru\/toopakkumised\/","title":{"rendered":"T\u00f6\u00f6pakkumised"},"content":{"rendered":"\t\t<div data-elementor-type=\"wp-page\" data-elementor-id=\"3244\" class=\"elementor elementor-3244\" data-elementor-post-type=\"page\">\n\t\t\t\t\t\t<section class=\"elementor-section elementor-top-section elementor-element elementor-element-32a4864e elementor-section-stretched elementor-section-full_width elementor-section-height-min-height elementor-section-height-default elementor-section-items-middle\" data-id=\"32a4864e\" data-element_type=\"section\" data-e-type=\"section\" data-settings=\"{&quot;background_background&quot;:&quot;classic&quot;,&quot;stretch_section&quot;:&quot;section-stretched&quot;}\">\n\t\t\t\t\t\t\t<div class=\"elementor-background-overlay\"><\/div>\n\t\t\t\t\t\t\t<div class=\"elementor-container elementor-column-gap-default\">\n\t\t\t\t\t<div class=\"elementor-column elementor-col-100 elementor-top-column elementor-element elementor-element-60873de2\" data-id=\"60873de2\" data-element_type=\"column\" data-e-type=\"column\">\n\t\t\t<div class=\"elementor-widget-wrap elementor-element-populated\">\n\t\t\t\t\t\t<div class=\"elementor-element elementor-element-63738ed2 elementor-widget elementor-widget-heading\" data-id=\"63738ed2\" data-element_type=\"widget\" data-e-type=\"widget\" data-widget_type=\"heading.default\">\n\t\t\t\t<div class=\"elementor-widget-container\">\n\t\t\t\t\t<h1 class=\"elementor-heading-title elementor-size-default\">T\u00f6\u00f6pakkumised<\/h1>\t\t\t\t<\/div>\n\t\t\t\t<\/div>\n\t\t\t\t\t<\/div>\n\t\t<\/div>\n\t\t\t\t\t<\/div>\n\t\t<\/section>\n\t\t\t\t<section class=\"elementor-section elementor-top-section elementor-element elementor-element-6c6810 elementor-section-boxed elementor-section-height-default elementor-section-height-default\" data-id=\"6c6810\" data-element_type=\"section\" data-e-type=\"section\">\n\t\t\t\t\t\t<div class=\"elementor-container elementor-column-gap-default\">\n\t\t\t\t\t<div class=\"elementor-column elementor-col-100 elementor-top-column elementor-element elementor-element-2e8ed0de\" data-id=\"2e8ed0de\" data-element_type=\"column\" data-e-type=\"column\">\n\t\t\t<div class=\"elementor-widget-wrap elementor-element-populated\">\n\t\t\t\t\t\t<div class=\"elementor-element elementor-element-4d71adfa elementor-grid-3 elementor-grid-tablet-2 elementor-grid-mobile-1 elementor-posts--thumbnail-top elementor-card-shadow-yes elementor-posts__hover-gradient elementor-widget elementor-widget-posts\" data-id=\"4d71adfa\" data-element_type=\"widget\" data-e-type=\"widget\" data-settings=\"{&quot;cards_row_gap&quot;:{&quot;unit&quot;:&quot;px&quot;,&quot;size&quot;:30,&quot;sizes&quot;:[]},&quot;cards_columns&quot;:&quot;3&quot;,&quot;cards_columns_tablet&quot;:&quot;2&quot;,&quot;cards_columns_mobile&quot;:&quot;1&quot;,&quot;cards_row_gap_tablet&quot;:{&quot;unit&quot;:&quot;px&quot;,&quot;size&quot;:&quot;&quot;,&quot;sizes&quot;:[]},&quot;cards_row_gap_mobile&quot;:{&quot;unit&quot;:&quot;px&quot;,&quot;size&quot;:&quot;&quot;,&quot;sizes&quot;:[]}}\" data-widget_type=\"posts.cards\">\n\t\t\t\t<div class=\"elementor-widget-container\">\n\t\t\t\t\t\t\t<div class=\"elementor-posts-container elementor-posts elementor-posts--skin-cards elementor-grid\" role=\"list\">\n\t\t\t\t<article class=\"elementor-post elementor-grid-item post-3254 post type-post status-publish format-standard has-post-thumbnail hentry category-toopakkumised entry has-media\" role=\"listitem\">\n\t\t\t<div class=\"elementor-post__card\">\n\t\t\t\t<a class=\"elementor-post__thumbnail__link\" href=\"https:\/\/www.k3hambaravi.ee\/ru\/hambaarst\/\" tabindex=\"-1\" ><div class=\"elementor-post__thumbnail\"><img fetchpriority=\"high\" decoding=\"async\" width=\"768\" height=\"512\" src=\"https:\/\/www.k3hambaravi.ee\/wp-content\/uploads\/2020\/12\/shutterstock_1633701088-768x512.jpg\" class=\"attachment-medium_large size-medium_large wp-image-126\" alt=\"Laste hambaravi\" srcset=\"https:\/\/www.k3hambaravi.ee\/wp-content\/uploads\/2020\/12\/shutterstock_1633701088-768x512.jpg 768w, https:\/\/www.k3hambaravi.ee\/wp-content\/uploads\/2020\/12\/shutterstock_1633701088-300x200.jpg 300w, https:\/\/www.k3hambaravi.ee\/wp-content\/uploads\/2020\/12\/shutterstock_1633701088-1024x683.jpg 1024w, https:\/\/www.k3hambaravi.ee\/wp-content\/uploads\/2020\/12\/shutterstock_1633701088.jpg 1500w\" sizes=\"(max-width: 768px) 100vw, 768px\" \/><\/div><\/a>\n\t\t\t\t<div class=\"elementor-post__badge\">T\u00f6\u00f6pakkumised<\/div>\n\t\t\t\t<div class=\"elementor-post__text\">\n\t\t\t\t<h3 class=\"elementor-post__title\">\n\t\t\t<a href=\"https:\/\/www.k3hambaravi.ee\/ru\/hambaarst\/\" >\n\t\t\t\tHambaarst\t\t\t<\/a>\n\t\t<\/h3>\n\t\t\t\t<div class=\"elementor-post__excerpt\">\n\t\t\t<p>K3 Hambaravi s\u00f5bralik kollektiiv ootab endaga liituma osalise v\u00f5i t\u00e4iskoormusega hambaarsti. K3 Hambaravi kliinik Tallinna<\/p>\n\t\t<\/div>\n\t\t\t\t<\/div>\n\t\t\t\t<div class=\"elementor-post__meta-data\">\n\t\t\t\t\t<span class=\"elementor-post-date\">\n\t\t\t21 \u0441\u0435\u043d\u0442\u044f\u0431\u0440\u044f, 2022\t\t<\/span>\n\t\t\t\t<\/div>\n\t\t\t\t\t<\/div>\n\t\t<\/article>\n\t\t\t\t<\/div>\n\t\t\n\t\t\t\t\t\t<\/div>\n\t\t\t\t<\/div>\n\t\t\t\t\t<\/div>\n\t\t<\/div>\n\t\t\t\t\t<\/div>\n\t\t<\/section>\n\t\t\t\t<section class=\"elementor-section elementor-top-section elementor-element elementor-element-6611d841 elementor-section-stretched elementor-section-boxed elementor-section-height-default elementor-section-height-default\" data-id=\"6611d841\" data-element_type=\"section\" data-e-type=\"section\" data-settings=\"{&quot;stretch_section&quot;:&quot;section-stretched&quot;,&quot;background_background&quot;:&quot;classic&quot;}\">\n\t\t\t\t\t\t\t<div class=\"elementor-background-overlay\"><\/div>\n\t\t\t\t\t\t\t<div class=\"elementor-container elementor-column-gap-default\">\n\t\t\t\t\t<div class=\"elementor-column elementor-col-100 elementor-top-column elementor-element elementor-element-49b2c98f\" data-id=\"49b2c98f\" data-element_type=\"column\" data-e-type=\"column\">\n\t\t\t<div class=\"elementor-widget-wrap elementor-element-populated\">\n\t\t\t\t\t\t<div class=\"elementor-element elementor-element-6b99cbc5 elementor-widget elementor-widget-spacer\" data-id=\"6b99cbc5\" data-element_type=\"widget\" data-e-type=\"widget\" data-widget_type=\"spacer.default\">\n\t\t\t\t<div class=\"elementor-widget-container\">\n\t\t\t\t\t\t\t<div class=\"elementor-spacer\">\n\t\t\t<div class=\"elementor-spacer-inner\"><\/div>\n\t\t<\/div>\n\t\t\t\t\t\t<\/div>\n\t\t\t\t<\/div>\n\t\t\t\t<div class=\"elementor-element elementor-element-61f828ab elementor-widget elementor-widget-heading\" data-id=\"61f828ab\" data-element_type=\"widget\" data-e-type=\"widget\" data-widget_type=\"heading.default\">\n\t\t\t\t<div class=\"elementor-widget-container\">\n\t\t\t\t\t<h2 class=\"elementor-heading-title elementor-size-default\">Vajad t\u00e4iendavat n\u00f5u? K\u00fcsi meilt!<\/h2>\t\t\t\t<\/div>\n\t\t\t\t<\/div>\n\t\t\t\t<div class=\"elementor-element elementor-element-3c0adff9 elementor-widget elementor-widget-spacer\" data-id=\"3c0adff9\" data-element_type=\"widget\" data-e-type=\"widget\" data-widget_type=\"spacer.default\">\n\t\t\t\t<div class=\"elementor-widget-container\">\n\t\t\t\t\t\t\t<div class=\"elementor-spacer\">\n\t\t\t<div class=\"elementor-spacer-inner\"><\/div>\n\t\t<\/div>\n\t\t\t\t\t\t<\/div>\n\t\t\t\t<\/div>\n\t\t\t\t<div class=\"elementor-element elementor-element-792bd52c elementor-position-inline-start elementor-widget__width-auto elementor-view-default elementor-mobile-position-block-start elementor-widget elementor-widget-icon-box\" data-id=\"792bd52c\" data-element_type=\"widget\" data-e-type=\"widget\" data-widget_type=\"icon-box.default\">\n\t\t\t\t<div class=\"elementor-widget-container\">\n\t\t\t\t\t\t\t<div class=\"elementor-icon-box-wrapper\">\n\n\t\t\t\t\t\t<div class=\"elementor-icon-box-icon\">\n\t\t\t\t<span  class=\"elementor-icon\">\n\t\t\t\t<svg xmlns=\"http:\/\/www.w3.org\/2000\/svg\" xmlns:xlink=\"http:\/\/www.w3.org\/1999\/xlink\" id=\"Layer_1\" x=\"0px\" y=\"0px\" width=\"1000px\" height=\"1000px\" viewBox=\"0 0 1000 1000\" xml:space=\"preserve\"><path fill=\"\" d=\"M976.955,785.79l-95.078,186.136c-8.694,16.985-26.031,27.74-45.077,28.041c-0.503,0-1.357,0-2.563,0  c-34.574,0-355.84-7.086-587.932-263.174C-5.813,480.529,15.519,145.067,16.549,130.921c1.407-19.146,13.367-35.956,31.006-43.519  L241.129,4.158c20.604-8.895,44.7-3.317,59.349,13.744l134.376,156.387c16.433,19.121,16.609,47.288,0.427,66.585l-92.943,110.908  c13.166,37.74,41.333,108.848,79.902,153.824c18.493,21.584,16.005,54.047-5.578,72.54c-21.609,18.493-54.122,16.031-72.565-5.578  C275.2,492.188,236.732,360.4,235.124,354.847c-4.724-16.458-0.98-34.172,10-47.288l83.219-99.299l-81.284-94.601l-128.17,55.102  c1.608,82.188,22.765,314.859,199.705,494.663c0.352,0.352,3.241,3.467,3.593,3.819C492.091,854.737,723.48,889.26,805.291,895.642  l62.766-122.918l-93.219-90.907l-114.526,71.56c-24.021,15.026-55.831,7.638-70.882-16.433  c-15.051-24.071-7.714-55.831,16.408-70.907l148.798-92.917c20.051-12.513,46.132-9.799,63.168,6.834l149.251,145.582  C983.186,741.266,987.206,765.689,976.955,785.79z\"><\/path><\/svg>\t\t\t\t<\/span>\n\t\t\t<\/div>\n\t\t\t\n\t\t\t\n\t\t<\/div>\n\t\t\t\t\t\t<\/div>\n\t\t\t\t<\/div>\n\t\t\t\t<div class=\"elementor-element elementor-element-1efef418 elementor-widget__width-auto elementor-widget elementor-widget-icon-box\" data-id=\"1efef418\" data-element_type=\"widget\" data-e-type=\"widget\" data-widget_type=\"icon-box.default\">\n\t\t\t\t<div class=\"elementor-widget-container\">\n\t\t\t\t\t\t\t<div class=\"elementor-icon-box-wrapper\">\n\n\t\t\t\n\t\t\t\t\t\t<div class=\"elementor-icon-box-content\">\n\n\t\t\t\t\t\t\t\t\t<div class=\"elementor-icon-box-title\">\n\t\t\t\t\t\t<a href=\"tel:+372%205553%201333\" >\n\t\t\t\t\t\t\t+372 5553 1333\t\t\t\t\t\t<\/a>\n\t\t\t\t\t<\/div>\n\t\t\t\t\n\t\t\t\t\n\t\t\t<\/div>\n\t\t\t\n\t\t<\/div>\n\t\t\t\t\t\t<\/div>\n\t\t\t\t<\/div>\n\t\t\t\t<div class=\"elementor-element elementor-element-5b91536e elementor-widget elementor-widget-spacer\" data-id=\"5b91536e\" data-element_type=\"widget\" data-e-type=\"widget\" data-widget_type=\"spacer.default\">\n\t\t\t\t<div class=\"elementor-widget-container\">\n\t\t\t\t\t\t\t<div class=\"elementor-spacer\">\n\t\t\t<div class=\"elementor-spacer-inner\"><\/div>\n\t\t<\/div>\n\t\t\t\t\t\t<\/div>\n\t\t\t\t<\/div>\n\t\t\t\t<div class=\"elementor-element elementor-element-3e620328 elementor-align-center elementor-widget elementor-widget-button\" data-id=\"3e620328\" data-element_type=\"widget\" data-e-type=\"widget\" data-widget_type=\"button.default\">\n\t\t\t\t<div class=\"elementor-widget-container\">\n\t\t\t\t\t\t\t\t\t<div class=\"elementor-button-wrapper\">\n\t\t\t\t\t<a class=\"elementor-button elementor-button-link elementor-size-lg\" href=\"https:\/\/new.k3hambaravi.ee\/broneeri\/\">\n\t\t\t\t\t\t<span class=\"elementor-button-content-wrapper\">\n\t\t\t\t\t\t\t\t\t<span class=\"elementor-button-text\">Broneeri vastuv\u00f5tt<\/span>\n\t\t\t\t\t<\/span>\n\t\t\t\t\t<\/a>\n\t\t\t\t<\/div>\n\t\t\t\t\t\t\t\t<\/div>\n\t\t\t\t<\/div>\n\t\t\t\t<div class=\"elementor-element elementor-element-52d9540b elementor-widget elementor-widget-spacer\" data-id=\"52d9540b\" data-element_type=\"widget\" data-e-type=\"widget\" data-widget_type=\"spacer.default\">\n\t\t\t\t<div class=\"elementor-widget-container\">\n\t\t\t\t\t\t\t<div class=\"elementor-spacer\">\n\t\t\t<div class=\"elementor-spacer-inner\"><\/div>\n\t\t<\/div>\n\t\t\t\t\t\t<\/div>\n\t\t\t\t<\/div>\n\t\t\t\t\t<\/div>\n\t\t<\/div>\n\t\t\t\t\t<\/div>\n\t\t<\/section>\n\t\t\t\t<section class=\"elementor-section elementor-top-section elementor-element elementor-element-54c94e5d elementor-section-full_width elementor-section-height-default elementor-section-height-default\" data-id=\"54c94e5d\" data-element_type=\"section\" data-e-type=\"section\">\n\t\t\t\t\t\t<div class=\"elementor-container elementor-column-gap-default\">\n\t\t\t\t\t<div class=\"elementor-column elementor-col-100 elementor-top-column elementor-element elementor-element-7766bd62\" data-id=\"7766bd62\" data-element_type=\"column\" data-e-type=\"column\">\n\t\t\t<div class=\"elementor-widget-wrap elementor-element-populated\">\n\t\t\t\t\t\t<div class=\"elementor-element elementor-element-7faba8dc elementor-widget elementor-widget-shortcode\" data-id=\"7faba8dc\" data-element_type=\"widget\" data-e-type=\"widget\" data-widget_type=\"shortcode.default\">\n\t\t\t\t<div class=\"elementor-widget-container\">\n\t\t\t\t\t\t\t<div class=\"elementor-shortcode\">\t\t<div data-elementor-type=\"wp-post\" data-elementor-id=\"650\" class=\"elementor elementor-650\" data-elementor-post-type=\"ae_global_templates\">\n\t\t\t\t\t\t<section class=\"elementor-section elementor-top-section elementor-element elementor-element-be87e7c elementor-section-boxed elementor-section-height-default elementor-section-height-default\" data-id=\"be87e7c\" data-element_type=\"section\" data-e-type=\"section\" data-settings=\"{&quot;background_background&quot;:&quot;classic&quot;}\">\n\t\t\t\t\t\t<div class=\"elementor-container elementor-column-gap-default\">\n\t\t\t\t\t<div class=\"elementor-column elementor-col-50 elementor-top-column elementor-element elementor-element-9485c2f\" data-id=\"9485c2f\" data-element_type=\"column\" data-e-type=\"column\">\n\t\t\t<div class=\"elementor-widget-wrap elementor-element-populated\">\n\t\t\t\t\t\t<div class=\"elementor-element elementor-element-f3c505c elementor-widget elementor-widget-heading\" data-id=\"f3c505c\" data-element_type=\"widget\" data-e-type=\"widget\" data-widget_type=\"heading.default\">\n\t\t\t\t<div class=\"elementor-widget-container\">\n\t\t\t\t\t<h3 class=\"elementor-heading-title elementor-size-default\">Praktilised n\u00e4pun\u00e4ited Sinu postkasti.<\/h3>\t\t\t\t<\/div>\n\t\t\t\t<\/div>\n\t\t\t\t\t<\/div>\n\t\t<\/div>\n\t\t\t\t<div class=\"elementor-column elementor-col-50 elementor-top-column elementor-element elementor-element-eb25fc3\" data-id=\"eb25fc3\" data-element_type=\"column\" data-e-type=\"column\">\n\t\t\t<div class=\"elementor-widget-wrap elementor-element-populated\">\n\t\t\t\t\t\t<div class=\"elementor-element elementor-element-dd7b4de elementor-button-align-stretch elementor-widget elementor-widget-form\" data-id=\"dd7b4de\" data-element_type=\"widget\" data-e-type=\"widget\" data-settings=\"{&quot;step_next_label&quot;:&quot;Next&quot;,&quot;step_previous_label&quot;:&quot;Previous&quot;,&quot;button_width&quot;:&quot;100&quot;,&quot;step_type&quot;:&quot;number_text&quot;,&quot;step_icon_shape&quot;:&quot;circle&quot;}\" data-widget_type=\"form.default\">\n\t\t\t\t<div class=\"elementor-widget-container\">\n\t\t\t\t\t\t\t<form class=\"elementor-form\" method=\"post\" name=\"New Form\" aria-label=\"New Form\">\n\t\t\t<input type=\"hidden\" name=\"post_id\" value=\"650\"\/>\n\t\t\t<input type=\"hidden\" name=\"form_id\" value=\"dd7b4de\"\/>\n\t\t\t<input type=\"hidden\" name=\"referer_title\" value=\"Igemehaiguste ravi | K3 Hambaravi\" \/>\n\n\t\t\t\t\t\t\t<input type=\"hidden\" name=\"queried_id\" value=\"413\"\/>\n\t\t\t\n\t\t\t<div class=\"elementor-form-fields-wrapper elementor-labels-\">\n\t\t\t\t\t\t\t\t<div class=\"elementor-field-type-text elementor-field-group elementor-column elementor-field-group-name elementor-col-50\">\n\t\t\t\t\t\t\t\t\t\t\t\t<label for=\"form-field-name\" class=\"elementor-field-label elementor-screen-only\">\n\t\t\t\t\t\t\t\tNimi\t\t\t\t\t\t\t<\/label>\n\t\t\t\t\t\t\t\t\t\t\t\t\t\t<input size=\"1\" type=\"text\" name=\"form_fields[name]\" id=\"form-field-name\" class=\"elementor-field elementor-size-md  elementor-field-textual\" placeholder=\"Nimi\">\n\t\t\t\t\t\t\t\t\t\t\t<\/div>\n\t\t\t\t\t\t\t\t<div class=\"elementor-field-type-email elementor-field-group elementor-column elementor-field-group-email elementor-col-50 elementor-field-required\">\n\t\t\t\t\t\t\t\t\t\t\t\t<label for=\"form-field-email\" class=\"elementor-field-label elementor-screen-only\">\n\t\t\t\t\t\t\t\tEmail\t\t\t\t\t\t\t<\/label>\n\t\t\t\t\t\t\t\t\t\t\t\t\t\t<input size=\"1\" type=\"email\" name=\"form_fields[email]\" id=\"form-field-email\" class=\"elementor-field elementor-size-md  elementor-field-textual\" placeholder=\"Email\" required=\"required\">\n\t\t\t\t\t\t\t\t\t\t\t<\/div>\n\t\t\t\t\t\t\t\t<div class=\"elementor-field-type-recaptcha_v3 elementor-field-group elementor-column elementor-field-group-field_321271f elementor-col-100 recaptcha_v3-bottomright\">\n\t\t\t\t\t<div class=\"elementor-field\" id=\"form-field-field_321271f\"><div class=\"elementor-g-recaptcha\" data-sitekey=\"6LepTzQiAAAAAI-6ikJ9ON2T-qnpIjqotnO9-2Gr\" data-type=\"v3\" data-action=\"Form\" data-badge=\"bottomright\" data-size=\"invisible\"><\/div><\/div>\t\t\t\t<\/div>\n\t\t\t\t\t\t\t\t<div class=\"elementor-field-group elementor-column elementor-field-type-submit elementor-col-100 e-form__buttons\">\n\t\t\t\t\t<button class=\"elementor-button elementor-size-md\" type=\"submit\">\n\t\t\t\t\t\t<span class=\"elementor-button-content-wrapper\">\n\t\t\t\t\t\t\t\t\t\t\t\t\t\t\t\t\t\t\t\t\t\t<span class=\"elementor-button-text\">Liitu uudiskirjaga<\/span>\n\t\t\t\t\t\t\t\t\t\t\t\t\t<\/span>\n\t\t\t\t\t<\/button>\n\t\t\t\t<\/div>\n\t\t\t<\/div>\n\t\t<\/form>\n\t\t\t\t\t\t<\/div>\n\t\t\t\t<\/div>\n\t\t\t\t<div class=\"elementor-element elementor-element-11e54f8 elementor-widget elementor-widget-heading\" data-id=\"11e54f8\" data-element_type=\"widget\" data-e-type=\"widget\" data-widget_type=\"heading.default\">\n\t\t\t\t<div class=\"elementor-widget-container\">\n\t\t\t\t\t<p class=\"elementor-heading-title elementor-size-default\"><a href=\"https:\/\/new.k3hambaravi.ee\/privacy-policy\/\">Hindame Sinu privaatsust. Tutvu meie privaatsuspoliitikaga.<\/a><\/p>\t\t\t\t<\/div>\n\t\t\t\t<\/div>\n\t\t\t\t\t<\/div>\n\t\t<\/div>\n\t\t\t\t\t<\/div>\n\t\t<\/section>\n\t\t\t\t<\/div>\n\t\t<\/div>\n\t\t\t\t\t\t<\/div>\n\t\t\t\t<\/div>\n\t\t\t\t\t<\/div>\n\t\t<\/div>\n\t\t\t\t\t<\/div>\n\t\t<\/section>\n\t\t\t\t<\/div>\n\t\t","protected":false},"excerpt":{"rendered":"<p>T\u00f6\u00f6pakkumised Vajad t\u00e4iendavat n\u00f5u? K\u00fcsi meilt! +372 5553 1333 Broneeri vastuv\u00f5tt<\/p>","protected":false},"author":5,"featured_media":0,"parent":0,"menu_order":0,"comment_status":"closed","ping_status":"closed","template":"elementor_header_footer","meta":{"footnotes":""},"class_list":["post-3244","page","type-page","status-publish","hentry","entry","has-media"],"yoast_head":"<!-- This site is optimized with the Yoast SEO plugin v27.3 - https:\/\/yoast.com\/product\/yoast-seo-wordpress\/ -->\n<title>T\u00f6\u00f6pakkumised | K3 Hambaravi<\/title>\n<meta name=\"robots\" content=\"index, follow, max-snippet:-1, max-image-preview:large, max-video-preview:-1\" \/>\n<link rel=\"canonical\" href=\"https:\/\/www.k3hambaravi.ee\/ru\/toopakkumised\/\" \/>\n<meta property=\"og:locale\" content=\"ru_RU\" \/>\n<meta property=\"og:type\" content=\"article\" \/>\n<meta property=\"og:title\" content=\"T\u00f6\u00f6pakkumised | K3 Hambaravi\" \/>\n<meta property=\"og:description\" content=\"T\u00f6\u00f6pakkumised Vajad t\u00e4iendavat n\u00f5u? K\u00fcsi meilt! +372 5553 1333 Broneeri vastuv\u00f5tt\" \/>\n<meta property=\"og:url\" content=\"https:\/\/www.k3hambaravi.ee\/ru\/toopakkumised\/\" \/>\n<meta property=\"og:site_name\" content=\"K3 Hambaravi\" \/>\n<meta property=\"article:modified_time\" content=\"2022-09-21T09:05:03+00:00\" \/>\n<meta property=\"og:image\" content=\"https:\/\/www.k3hambaravi.ee\/wp-content\/uploads\/2020\/12\/cropped-K3-logo-01-1.png\" \/>\n\t<meta property=\"og:image:width\" content=\"400\" \/>\n\t<meta property=\"og:image:height\" content=\"266\" \/>\n\t<meta property=\"og:image:type\" content=\"image\/png\" \/>\n<meta name=\"twitter:card\" content=\"summary_large_image\" \/>\n<script type=\"application\/ld+json\" class=\"yoast-schema-graph\">{\"@context\":\"https:\\\/\\\/schema.org\",\"@graph\":[{\"@type\":\"WebPage\",\"@id\":\"https:\\\/\\\/www.k3hambaravi.ee\\\/toopakkumised\\\/\",\"url\":\"https:\\\/\\\/www.k3hambaravi.ee\\\/toopakkumised\\\/\",\"name\":\"T\u00f6\u00f6pakkumised | K3 Hambaravi\",\"isPartOf\":{\"@id\":\"https:\\\/\\\/www.k3hambaravi.ee\\\/#website\"},\"datePublished\":\"2022-09-21T08:49:09+00:00\",\"dateModified\":\"2022-09-21T09:05:03+00:00\",\"breadcrumb\":{\"@id\":\"https:\\\/\\\/www.k3hambaravi.ee\\\/toopakkumised\\\/#breadcrumb\"},\"inLanguage\":\"ru-RU\",\"potentialAction\":[{\"@type\":\"ReadAction\",\"target\":[\"https:\\\/\\\/www.k3hambaravi.ee\\\/toopakkumised\\\/\"]}]},{\"@type\":\"BreadcrumbList\",\"@id\":\"https:\\\/\\\/www.k3hambaravi.ee\\\/toopakkumised\\\/#breadcrumb\",\"itemListElement\":[{\"@type\":\"ListItem\",\"position\":1,\"name\":\"Home\",\"item\":\"https:\\\/\\\/www.k3hambaravi.ee\\\/\"},{\"@type\":\"ListItem\",\"position\":2,\"name\":\"T\u00f6\u00f6pakkumised\"}]},{\"@type\":\"WebSite\",\"@id\":\"https:\\\/\\\/www.k3hambaravi.ee\\\/#website\",\"url\":\"https:\\\/\\\/www.k3hambaravi.ee\\\/\",\"name\":\"K3 Hambaravi\",\"description\":\"Kaasaegne hambaravikliinik Tallinna s&uuml;dalinnas\",\"publisher\":{\"@id\":\"https:\\\/\\\/www.k3hambaravi.ee\\\/#organization\"},\"potentialAction\":[{\"@type\":\"SearchAction\",\"target\":{\"@type\":\"EntryPoint\",\"urlTemplate\":\"https:\\\/\\\/www.k3hambaravi.ee\\\/?s={search_term_string}\"},\"query-input\":{\"@type\":\"PropertyValueSpecification\",\"valueRequired\":true,\"valueName\":\"search_term_string\"}}],\"inLanguage\":\"ru-RU\"},{\"@type\":\"Organization\",\"@id\":\"https:\\\/\\\/www.k3hambaravi.ee\\\/#organization\",\"name\":\"K3 Hambaravi\",\"url\":\"https:\\\/\\\/www.k3hambaravi.ee\\\/\",\"logo\":{\"@type\":\"ImageObject\",\"inLanguage\":\"ru-RU\",\"@id\":\"https:\\\/\\\/www.k3hambaravi.ee\\\/#\\\/schema\\\/logo\\\/image\\\/\",\"url\":\"https:\\\/\\\/www.k3hambaravi.ee\\\/wp-content\\\/uploads\\\/2020\\\/12\\\/cropped-K3-logo-01-1.png\",\"contentUrl\":\"https:\\\/\\\/www.k3hambaravi.ee\\\/wp-content\\\/uploads\\\/2020\\\/12\\\/cropped-K3-logo-01-1.png\",\"width\":400,\"height\":266,\"caption\":\"K3 Hambaravi\"},\"image\":{\"@id\":\"https:\\\/\\\/www.k3hambaravi.ee\\\/#\\\/schema\\\/logo\\\/image\\\/\"}}]}<\/script>\n<!-- \/ Yoast SEO plugin. -->","yoast_head_json":{"title":"T\u00f6\u00f6pakkumised | K3 Hambaravi","robots":{"index":"index","follow":"follow","max-snippet":"max-snippet:-1","max-image-preview":"max-image-preview:large","max-video-preview":"max-video-preview:-1"},"canonical":"https:\/\/www.k3hambaravi.ee\/ru\/toopakkumised\/","og_locale":"ru_RU","og_type":"article","og_title":"T\u00f6\u00f6pakkumised | K3 Hambaravi","og_description":"T\u00f6\u00f6pakkumised Vajad t\u00e4iendavat n\u00f5u? K\u00fcsi meilt! +372 5553 1333 Broneeri vastuv\u00f5tt","og_url":"https:\/\/www.k3hambaravi.ee\/ru\/toopakkumised\/","og_site_name":"K3 Hambaravi","article_modified_time":"2022-09-21T09:05:03+00:00","og_image":[{"width":400,"height":266,"url":"https:\/\/www.k3hambaravi.ee\/wp-content\/uploads\/2020\/12\/cropped-K3-logo-01-1.png","type":"image\/png"}],"twitter_card":"summary_large_image","schema":{"@context":"https:\/\/schema.org","@graph":[{"@type":"WebPage","@id":"https:\/\/www.k3hambaravi.ee\/toopakkumised\/","url":"https:\/\/www.k3hambaravi.ee\/toopakkumised\/","name":"T\u00f6\u00f6pakkumised | K3 Hambaravi","isPartOf":{"@id":"https:\/\/www.k3hambaravi.ee\/#website"},"datePublished":"2022-09-21T08:49:09+00:00","dateModified":"2022-09-21T09:05:03+00:00","breadcrumb":{"@id":"https:\/\/www.k3hambaravi.ee\/toopakkumised\/#breadcrumb"},"inLanguage":"ru-RU","potentialAction":[{"@type":"ReadAction","target":["https:\/\/www.k3hambaravi.ee\/toopakkumised\/"]}]},{"@type":"BreadcrumbList","@id":"https:\/\/www.k3hambaravi.ee\/toopakkumised\/#breadcrumb","itemListElement":[{"@type":"ListItem","position":1,"name":"Home","item":"https:\/\/www.k3hambaravi.ee\/"},{"@type":"ListItem","position":2,"name":"T\u00f6\u00f6pakkumised"}]},{"@type":"WebSite","@id":"https:\/\/www.k3hambaravi.ee\/#website","url":"https:\/\/www.k3hambaravi.ee\/","name":"\u041a3 \u0417\u0423\u0411\u041d\u0410\u042f \u041a\u041b\u0418\u041d\u0418\u041a\u0410","description":"Kaasaegne hambaravikliinik Tallinna s&uuml;dalinnas","publisher":{"@id":"https:\/\/www.k3hambaravi.ee\/#organization"},"potentialAction":[{"@type":"SearchAction","target":{"@type":"EntryPoint","urlTemplate":"https:\/\/www.k3hambaravi.ee\/?s={search_term_string}"},"query-input":{"@type":"PropertyValueSpecification","valueRequired":true,"valueName":"search_term_string"}}],"inLanguage":"ru-RU"},{"@type":"Organization","@id":"https:\/\/www.k3hambaravi.ee\/#organization","name":"\u041a3 \u0417\u0423\u0411\u041d\u0410\u042f \u041a\u041b\u0418\u041d\u0418\u041a\u0410","url":"https:\/\/www.k3hambaravi.ee\/","logo":{"@type":"ImageObject","inLanguage":"ru-RU","@id":"https:\/\/www.k3hambaravi.ee\/#\/schema\/logo\/image\/","url":"https:\/\/www.k3hambaravi.ee\/wp-content\/uploads\/2020\/12\/cropped-K3-logo-01-1.png","contentUrl":"https:\/\/www.k3hambaravi.ee\/wp-content\/uploads\/2020\/12\/cropped-K3-logo-01-1.png","width":400,"height":266,"caption":"K3 Hambaravi"},"image":{"@id":"https:\/\/www.k3hambaravi.ee\/#\/schema\/logo\/image\/"}}]}},"_links":{"self":[{"href":"https:\/\/www.k3hambaravi.ee\/ru\/wp-json\/wp\/v2\/pages\/3244","targetHints":{"allow":["GET"]}}],"collection":[{"href":"https:\/\/www.k3hambaravi.ee\/ru\/wp-json\/wp\/v2\/pages"}],"about":[{"href":"https:\/\/www.k3hambaravi.ee\/ru\/wp-json\/wp\/v2\/types\/page"}],"author":[{"embeddable":true,"href":"https:\/\/www.k3hambaravi.ee\/ru\/wp-json\/wp\/v2\/users\/5"}],"replies":[{"embeddable":true,"href":"https:\/\/www.k3hambaravi.ee\/ru\/wp-json\/wp\/v2\/comments?post=3244"}],"version-history":[{"count":0,"href":"https:\/\/www.k3hambaravi.ee\/ru\/wp-json\/wp\/v2\/pages\/3244\/revisions"}],"wp:attachment":[{"href":"https:\/\/www.k3hambaravi.ee\/ru\/wp-json\/wp\/v2\/media?parent=3244"}],"curies":[{"name":"wp","href":"https:\/\/api.w.org\/{rel}","templated":true}]}}