{"id":2301,"date":"2021-02-26T11:09:51","date_gmt":"2021-02-26T09:09:51","guid":{"rendered":"https:\/\/new.k3hambaravi.ee\/?page_id=2301"},"modified":"2023-05-19T16:51:55","modified_gmt":"2023-05-19T13:51:55","slug":"broneeri","status":"publish","type":"page","link":"https:\/\/www.k3hambaravi.ee\/ru\/broneeri\/","title":{"rendered":"Broneeri"},"content":{"rendered":"<div data-elementor-type=\"wp-page\" data-elementor-id=\"2301\" class=\"elementor elementor-2301\" data-elementor-post-type=\"page\">\n\t\t\t\t\t\t<section class=\"elementor-section elementor-top-section elementor-element elementor-element-a251d70 elementor-section-height-min-height elementor-section-boxed elementor-section-height-default elementor-section-items-middle\" data-id=\"a251d70\" data-element_type=\"section\" data-e-type=\"section\" data-settings=\"{&quot;background_background&quot;:&quot;classic&quot;}\">\n\t\t\t\t\t\t\t<div class=\"elementor-background-overlay\"><\/div>\n\t\t\t\t\t\t\t<div class=\"elementor-container elementor-column-gap-default\">\n\t\t\t\t\t<div class=\"elementor-column elementor-col-100 elementor-top-column elementor-element elementor-element-b03ab9f\" data-id=\"b03ab9f\" data-element_type=\"column\" data-e-type=\"column\">\n\t\t\t<div class=\"elementor-widget-wrap elementor-element-populated\">\n\t\t\t\t\t\t<div class=\"elementor-element elementor-element-a6dc50e elementor-widget elementor-widget-heading\" data-id=\"a6dc50e\" data-element_type=\"widget\" data-e-type=\"widget\" data-widget_type=\"heading.default\">\n\t\t\t\t<div class=\"elementor-widget-container\">\n\t\t\t\t\t<h1 class=\"elementor-heading-title elementor-size-default\">Broneeri<\/h1>\t\t\t\t<\/div>\n\t\t\t\t<\/div>\n\t\t\t\t\t<\/div>\n\t\t<\/div>\n\t\t\t\t\t<\/div>\n\t\t<\/section>\n\t\t\t\t<section class=\"elementor-section elementor-top-section elementor-element elementor-element-3efce2c elementor-section-boxed elementor-section-height-default elementor-section-height-default\" data-id=\"3efce2c\" data-element_type=\"section\" data-e-type=\"section\">\n\t\t\t\t\t\t<div class=\"elementor-container elementor-column-gap-default\">\n\t\t\t\t\t<div class=\"elementor-column elementor-col-50 elementor-top-column elementor-element elementor-element-2aaa5c5\" data-id=\"2aaa5c5\" data-element_type=\"column\" data-e-type=\"column\" data-settings=\"{&quot;background_background&quot;:&quot;classic&quot;}\">\n\t\t\t<div class=\"elementor-widget-wrap elementor-element-populated\">\n\t\t\t\t\t\t<div class=\"elementor-element elementor-element-10871cb elementor-widget elementor-widget-heading\" data-id=\"10871cb\" data-element_type=\"widget\" data-e-type=\"widget\" data-widget_type=\"heading.default\">\n\t\t\t\t<div class=\"elementor-widget-container\">\n\t\t\t\t\t<h2 class=\"elementor-heading-title elementor-size-default\">\u041d\u0430\u0439\u0434\u0438\u0442\u0435 \u043f\u043e\u0434\u0445\u043e\u0434\u044f\u0449\u0435\u0435 \u0432\u0440\u0435\u043c\u044f \u0434\u043b\u044f \u0432\u0438\u0437\u0438\u0442\u0430!<\/h2>\t\t\t\t<\/div>\n\t\t\t\t<\/div>\n\t\t\t\t<div class=\"elementor-element elementor-element-fac3ca9 elementor-widget-divider--view-line elementor-widget elementor-widget-divider\" data-id=\"fac3ca9\" data-element_type=\"widget\" data-e-type=\"widget\" data-widget_type=\"divider.default\">\n\t\t\t\t<div class=\"elementor-widget-container\">\n\t\t\t\t\t\t\t<div class=\"elementor-divider\">\n\t\t\t<span class=\"elementor-divider-separator\">\n\t\t\t\t\t\t<\/span>\n\t\t<\/div>\n\t\t\t\t\t\t<\/div>\n\t\t\t\t<\/div>\n\t\t\t\t<section class=\"elementor-section elementor-inner-section elementor-element elementor-element-8a5aeca elementor-section-boxed elementor-section-height-default elementor-section-height-default\" data-id=\"8a5aeca\" data-element_type=\"section\" data-e-type=\"section\">\n\t\t\t\t\t\t<div class=\"elementor-container elementor-column-gap-default\">\n\t\t\t\t\t<div class=\"elementor-column elementor-col-50 elementor-inner-column elementor-element elementor-element-25d5186\" data-id=\"25d5186\" data-element_type=\"column\" data-e-type=\"column\">\n\t\t\t<div class=\"elementor-widget-wrap elementor-element-populated\">\n\t\t\t\t\t\t<div class=\"elementor-element elementor-element-0e1d2a3 elementor-widget elementor-widget-heading\" data-id=\"0e1d2a3\" data-element_type=\"widget\" data-e-type=\"widget\" data-widget_type=\"heading.default\">\n\t\t\t\t<div class=\"elementor-widget-container\">\n\t\t\t\t\t<h3 class=\"elementor-heading-title elementor-size-default\">\u0414\u041e\u0411\u0420\u041e \u041f\u041e\u0416\u0410\u041b\u041e\u0412\u0410\u0422\u042c!<\/h3>\t\t\t\t<\/div>\n\t\t\t\t<\/div>\n\t\t\t\t<div class=\"elementor-element elementor-element-bb2ce8a elementor-widget elementor-widget-text-editor\" data-id=\"bb2ce8a\" data-element_type=\"widget\" data-e-type=\"widget\" data-widget_type=\"text-editor.default\">\n\t\t\t\t<div class=\"elementor-widget-container\">\n\t\t\t\t\t\t\t\t\t<p>\u0416\u0434\u0435\u043c \u0432\u0430\u0441 \u0432 \u041a3 \u0437\u0443\u0431\u043d\u043e\u0439 \u043a\u043b\u0438\u043d\u0438\u043a\u0435!<\/p><p><span style=\"font-size: 14px; font-weight: bold;\">\u0412\u044b \u0441\u043e\u0431\u0438\u0440\u0430\u0435\u0442\u0435\u0441\u044c \u043d\u0430 \u043f\u0435\u0440\u0432\u0438\u0447\u043d\u044b\u0439 \u0432\u0438\u0437\u0438\u0442?<\/span><\/p><p>\u0417\u0430\u0431\u0440\u043e\u043d\u0438\u0440\u0443\u0439\u0442\u0435 \u0432\u0440\u0435\u043c\u044f \u043f\u0435\u0440\u0432\u043e\u0433\u043e \u0432\u0438\u0437\u0438\u0442\u0430 \u0432 \u043d\u0430\u0448\u0435\u043c \u043e\u043d\u043b\u0430\u0439\u043d \u043a\u0430\u043b\u0435\u043d\u0434\u0430\u0440\u0435 \u0438\u043b\u0438 \u0441\u0432\u044f\u0436\u0438\u0442\u0435\u0441\u044c \u0441 \u043d\u0430\u043c\u0438 \u043b\u0438\u0447\u043d\u043e!<\/p><p><span style=\"font-size: 14px; font-weight: 600;\">\u0412\u044b \u0441\u043e\u0431\u0438\u0440\u0430\u0435\u0442\u0435\u0441\u044c \u043d\u0430 \u043f\u043e\u0432\u0442\u043e\u0440\u043d\u044b\u0439 \u0432\u0438\u0437\u0438\u0442?<\/span><\/p><p class=\"translation-block\">\u041f\u043e\u0441\u0442\u043e\u044f\u043d\u043d\u044b\u0445 \u043f\u0430\u0446\u0438\u0435\u043d\u0442\u043e\u0432 \u043f\u0440\u043e\u0441\u0438\u043c \u043d\u0430\u043f\u0438\u0441\u0430\u0442\u044c \u043d\u0430\u043c \u0438\u043b\u0438 \u043f\u043e\u0437\u0432\u043e\u043d\u0438\u0442\u044c \u0432 \u0440\u0435\u0433\u0438\u0441\u0442\u0440\u0430\u0442\u0443\u0440\u0443 \u043d\u0430\u0448\u0435\u0439 \u043a\u043b\u0438\u043d\u0438\u043a\u0438.<\/p>\t\t\t\t\t\t\t\t<\/div>\n\t\t\t\t<\/div>\n\t\t\t\t<div class=\"elementor-element elementor-element-4afe926 elementor-widget elementor-widget-heading\" data-id=\"4afe926\" data-element_type=\"widget\" data-e-type=\"widget\" data-widget_type=\"heading.default\">\n\t\t\t\t<div class=\"elementor-widget-container\">\n\t\t\t\t\t<h3 class=\"elementor-heading-title elementor-size-default\">\u0412\u0430\u043c \u043d\u0443\u0436\u043d\u0430 \u043f\u043e\u043c\u043e\u0449\u044c?<\/h3>\t\t\t\t<\/div>\n\t\t\t\t<\/div>\n\t\t\t\t<div class=\"elementor-element elementor-element-47c0106 elementor-align-justify elementor-mobile-align-justify elementor-widget elementor-widget-button\" data-id=\"47c0106\" data-element_type=\"widget\" data-e-type=\"widget\" data-widget_type=\"button.default\">\n\t\t\t\t<div class=\"elementor-widget-container\">\n\t\t\t\t\t\t\t\t\t<div class=\"elementor-button-wrapper\">\n\t\t\t\t\t<a class=\"elementor-button elementor-button-link elementor-size-md\" href=\"mailto:k3hambaravi@gmail.com\">\n\t\t\t\t\t\t<span class=\"elementor-button-content-wrapper\">\n\t\t\t\t\t\t\t\t\t<span class=\"elementor-button-text\">\u041d\u0430\u043f\u0438\u0448\u0438\u0442\u0435 email \u0438\u043b\u0438 \u043f\u043e\u0437\u0432\u043e\u043d\u0438\u0442\u0435!<\/span>\n\t\t\t\t\t<\/span>\n\t\t\t\t\t<\/a>\n\t\t\t\t<\/div>\n\t\t\t\t\t\t\t\t<\/div>\n\t\t\t\t<\/div>\n\t\t\t\t<div class=\"elementor-element elementor-element-51ed67a elementor-align-justify elementor-mobile-align-justify elementor-widget elementor-widget-button\" data-id=\"51ed67a\" data-element_type=\"widget\" data-e-type=\"widget\" data-widget_type=\"button.default\">\n\t\t\t\t<div class=\"elementor-widget-container\">\n\t\t\t\t\t\t\t\t\t<div class=\"elementor-button-wrapper\">\n\t\t\t\t\t<a class=\"elementor-button elementor-button-link elementor-size-md\" href=\"tel:%20+37255531333\">\n\t\t\t\t\t\t<span class=\"elementor-button-content-wrapper\">\n\t\t\t\t\t\t\t\t\t<span class=\"elementor-button-text\">Helista<\/span>\n\t\t\t\t\t<\/span>\n\t\t\t\t\t<\/a>\n\t\t\t\t<\/div>\n\t\t\t\t\t\t\t\t<\/div>\n\t\t\t\t<\/div>\n\t\t\t\t\t<\/div>\n\t\t<\/div>\n\t\t\t\t<div class=\"elementor-column elementor-col-50 elementor-inner-column elementor-element elementor-element-3f04307\" data-id=\"3f04307\" data-element_type=\"column\" data-e-type=\"column\" data-settings=\"{&quot;background_background&quot;:&quot;classic&quot;}\">\n\t\t\t<div class=\"elementor-widget-wrap elementor-element-populated\">\n\t\t\t\t\t\t<div class=\"elementor-element elementor-element-12476bd elementor-widget elementor-widget-heading\" data-id=\"12476bd\" data-element_type=\"widget\" data-e-type=\"widget\" data-widget_type=\"heading.default\">\n\t\t\t\t<div class=\"elementor-widget-container\">\n\t\t\t\t\t<h3 class=\"elementor-heading-title elementor-size-default\">\u0417\u0430\u0431\u0440\u043e\u043d\u0438\u0440\u043e\u0432\u0430\u0442\u044c \u0432\u0440\u0435\u043c\u044f \u043f\u0435\u0440\u0432\u043e\u0433\u043e \u0432\u0438\u0437\u0438\u0442\u0430 \u043e\u043d\u043b\u0430\u0439\u043d.<\/h3>\t\t\t\t<\/div>\n\t\t\t\t<\/div>\n\t\t\t\t<div class=\"elementor-element elementor-element-8f5136a elementor-widget elementor-widget-shortcode\" data-id=\"8f5136a\" data-element_type=\"widget\" data-e-type=\"widget\" data-widget_type=\"shortcode.default\">\n\t\t\t\t<div class=\"elementor-widget-container\">\n\t\t\t\t\t\t\t<div class=\"elementor-shortcode\">      <div class=\"hp-calendar-container\">\n          <div class=\"hp-calendar\" data-clinics=\"\" data-default_service=\"\" \n\t\t\tdata-metainfo=\"MS41LjEy\" get_next_if_nothing=\"\" show_location=\"\" show_clinic=\"\" data-default_clinic=\"\" apix=\"0\">      <\/div>\n      <div class=\"hp-calendar-info\">\n      <\/div>\n        <input type=\"hidden\" id=\"_wpnonce\" name=\"_wpnonce\" value=\"b9495343f2\" \/><input type=\"hidden\" name=\"_wp_http_referer\" value=\"\/ru\/wp-json\/wp\/v2\/pages\/2301\" \/><\/div>\n\t\t\t\t\t\t<\/div>\n\t\t\t\t<\/div>\n\t\t\t\t\t<\/div>\n\t\t<\/div>\n\t\t\t\t\t<\/div>\n\t\t<\/section>\n\t\t\t\t\t<\/div>\n\t\t<\/div>\n\t\t\t\t<div class=\"elementor-column elementor-col-50 elementor-top-column elementor-element elementor-element-6c0723f elementor-hidden-phone\" data-id=\"6c0723f\" data-element_type=\"column\" data-e-type=\"column\" data-settings=\"{&quot;background_background&quot;:&quot;classic&quot;}\">\n\t\t\t<div class=\"elementor-widget-wrap elementor-element-populated\">\n\t\t\t\t\t\t<div class=\"elementor-element elementor-element-6d603ca elementor-widget elementor-widget-image\" data-id=\"6d603ca\" data-element_type=\"widget\" data-e-type=\"widget\" data-widget_type=\"image.default\">\n\t\t\t\t<div class=\"elementor-widget-container\">\n\t\t\t\t\t\t\t\t\t\t\t\t\t\t\t<img decoding=\"async\" src=\"https:\/\/www.k3hambaravi.ee\/wp-content\/uploads\/elementor\/thumbs\/Hinnakiri-p3xlkj1szyts2cbozyvt5j8hkpqwj2qgteewfzoehw.jpg\" title=\"Administraator\" alt=\"Administraator\" loading=\"lazy\" \/>\t\t\t\t\t\t\t\t\t\t\t\t\t\t\t<\/div>\n\t\t\t\t<\/div>\n\t\t\t\t\t<\/div>\n\t\t<\/div>\n\t\t\t\t\t<\/div>\n\t\t<\/section>\n\t\t\t\t<\/div>","protected":false},"excerpt":{"rendered":"<p>Leia sobiv aeg vastuv\u00f5tule. Tere tulemast! Ootame Sind K3 Hambaravi kliinikus! Oled tulemas esmasele vastuv\u00f5tule? Broneeri aeg esmasele vastuv\u00f5tule mugavalt meie online-kalendris v\u00f5i v\u00f5ta meiega \u00fchendust! Oled tulemas korduvale vastuv\u00f5tule? Korduvatel patsientidel palume t\u00e4ita kontaktivorm\u00a0v\u00f5i helistada kliiniku registratuuri. Vajad abi? Saada e-kiri Helista Broneeri aeg esmasele vastuv\u00f5tule online.<\/p>","protected":false},"author":4,"featured_media":0,"parent":0,"menu_order":0,"comment_status":"closed","ping_status":"closed","template":"elementor_header_footer","meta":{"footnotes":""},"class_list":["post-2301","page","type-page","status-publish","hentry","entry"],"yoast_head":"<!-- This site is optimized with the Yoast SEO plugin v27.3 - https:\/\/yoast.com\/product\/yoast-seo-wordpress\/ -->\n<title>Broneeri | K3 Hambaravi<\/title>\n<meta name=\"robots\" content=\"noindex, follow\" \/>\n<meta property=\"og:locale\" content=\"ru_RU\" \/>\n<meta property=\"og:type\" content=\"article\" \/>\n<meta property=\"og:title\" content=\"Broneeri | K3 Hambaravi\" \/>\n<meta property=\"og:description\" content=\"Leia sobiv aeg vastuv\u00f5tule. Tere tulemast! Ootame Sind K3 Hambaravi kliinikus! Oled tulemas esmasele vastuv\u00f5tule? Broneeri aeg esmasele vastuv\u00f5tule mugavalt meie online-kalendris v\u00f5i v\u00f5ta meiega \u00fchendust! Oled tulemas korduvale vastuv\u00f5tule? Korduvatel patsientidel palume t\u00e4ita kontaktivorm\u00a0v\u00f5i helistada kliiniku registratuuri. Vajad abi? Saada e-kiri Helista Broneeri aeg esmasele vastuv\u00f5tule online.\" \/>\n<meta property=\"og:url\" content=\"https:\/\/www.k3hambaravi.ee\/ru\/broneeri\/\" \/>\n<meta property=\"og:site_name\" content=\"K3 Hambaravi\" \/>\n<meta property=\"article:modified_time\" content=\"2023-05-19T13:51:55+00:00\" \/>\n<meta property=\"og:image\" content=\"https:\/\/www.k3hambaravi.ee\/wp-content\/uploads\/elementor\/thumbs\/Hinnakiri-p3xlkj1szyts2cbozyvt5j8hkpqwj2qgteewfzoehw.jpg\" \/>\n<meta name=\"twitter:card\" content=\"summary_large_image\" \/>\n<script type=\"application\/ld+json\" class=\"yoast-schema-graph\">{\"@context\":\"https:\\\/\\\/schema.org\",\"@graph\":[{\"@type\":\"WebPage\",\"@id\":\"https:\\\/\\\/www.k3hambaravi.ee\\\/broneeri\\\/\",\"url\":\"https:\\\/\\\/www.k3hambaravi.ee\\\/broneeri\\\/\",\"name\":\"Broneeri | K3 Hambaravi\",\"isPartOf\":{\"@id\":\"https:\\\/\\\/www.k3hambaravi.ee\\\/#website\"},\"primaryImageOfPage\":{\"@id\":\"https:\\\/\\\/www.k3hambaravi.ee\\\/broneeri\\\/#primaryimage\"},\"image\":{\"@id\":\"https:\\\/\\\/www.k3hambaravi.ee\\\/broneeri\\\/#primaryimage\"},\"thumbnailUrl\":\"https:\\\/\\\/www.k3hambaravi.ee\\\/wp-content\\\/uploads\\\/elementor\\\/thumbs\\\/Hinnakiri-p3xlkj1szyts2cbozyvt5j8hkpqwj2qgteewfzoehw.jpg\",\"datePublished\":\"2021-02-26T09:09:51+00:00\",\"dateModified\":\"2023-05-19T13:51:55+00:00\",\"breadcrumb\":{\"@id\":\"https:\\\/\\\/www.k3hambaravi.ee\\\/broneeri\\\/#breadcrumb\"},\"inLanguage\":\"ru-RU\",\"potentialAction\":[{\"@type\":\"ReadAction\",\"target\":[\"https:\\\/\\\/www.k3hambaravi.ee\\\/broneeri\\\/\"]}]},{\"@type\":\"ImageObject\",\"inLanguage\":\"ru-RU\",\"@id\":\"https:\\\/\\\/www.k3hambaravi.ee\\\/broneeri\\\/#primaryimage\",\"url\":\"https:\\\/\\\/www.k3hambaravi.ee\\\/wp-content\\\/uploads\\\/elementor\\\/thumbs\\\/Hinnakiri-p3xlkj1szyts2cbozyvt5j8hkpqwj2qgteewfzoehw.jpg\",\"contentUrl\":\"https:\\\/\\\/www.k3hambaravi.ee\\\/wp-content\\\/uploads\\\/elementor\\\/thumbs\\\/Hinnakiri-p3xlkj1szyts2cbozyvt5j8hkpqwj2qgteewfzoehw.jpg\"},{\"@type\":\"BreadcrumbList\",\"@id\":\"https:\\\/\\\/www.k3hambaravi.ee\\\/broneeri\\\/#breadcrumb\",\"itemListElement\":[{\"@type\":\"ListItem\",\"position\":1,\"name\":\"Home\",\"item\":\"https:\\\/\\\/www.k3hambaravi.ee\\\/\"},{\"@type\":\"ListItem\",\"position\":2,\"name\":\"Broneeri\"}]},{\"@type\":\"WebSite\",\"@id\":\"https:\\\/\\\/www.k3hambaravi.ee\\\/#website\",\"url\":\"https:\\\/\\\/www.k3hambaravi.ee\\\/\",\"name\":\"K3 Hambaravi\",\"description\":\"Kaasaegne hambaravikliinik Tallinna s&uuml;dalinnas\",\"publisher\":{\"@id\":\"https:\\\/\\\/www.k3hambaravi.ee\\\/#organization\"},\"potentialAction\":[{\"@type\":\"SearchAction\",\"target\":{\"@type\":\"EntryPoint\",\"urlTemplate\":\"https:\\\/\\\/www.k3hambaravi.ee\\\/?s={search_term_string}\"},\"query-input\":{\"@type\":\"PropertyValueSpecification\",\"valueRequired\":true,\"valueName\":\"search_term_string\"}}],\"inLanguage\":\"ru-RU\"},{\"@type\":\"Organization\",\"@id\":\"https:\\\/\\\/www.k3hambaravi.ee\\\/#organization\",\"name\":\"K3 Hambaravi\",\"url\":\"https:\\\/\\\/www.k3hambaravi.ee\\\/\",\"logo\":{\"@type\":\"ImageObject\",\"inLanguage\":\"ru-RU\",\"@id\":\"https:\\\/\\\/www.k3hambaravi.ee\\\/#\\\/schema\\\/logo\\\/image\\\/\",\"url\":\"https:\\\/\\\/www.k3hambaravi.ee\\\/wp-content\\\/uploads\\\/2020\\\/12\\\/cropped-K3-logo-01-1.png\",\"contentUrl\":\"https:\\\/\\\/www.k3hambaravi.ee\\\/wp-content\\\/uploads\\\/2020\\\/12\\\/cropped-K3-logo-01-1.png\",\"width\":400,\"height\":266,\"caption\":\"K3 Hambaravi\"},\"image\":{\"@id\":\"https:\\\/\\\/www.k3hambaravi.ee\\\/#\\\/schema\\\/logo\\\/image\\\/\"}}]}<\/script>\n<!-- \/ Yoast SEO plugin. -->","yoast_head_json":{"title":"Broneeri | K3 Hambaravi","robots":{"index":"noindex","follow":"follow"},"og_locale":"ru_RU","og_type":"article","og_title":"Broneeri | K3 Hambaravi","og_description":"Leia sobiv aeg vastuv\u00f5tule. Tere tulemast! Ootame Sind K3 Hambaravi kliinikus! Oled tulemas esmasele vastuv\u00f5tule? Broneeri aeg esmasele vastuv\u00f5tule mugavalt meie online-kalendris v\u00f5i v\u00f5ta meiega \u00fchendust! Oled tulemas korduvale vastuv\u00f5tule? Korduvatel patsientidel palume t\u00e4ita kontaktivorm\u00a0v\u00f5i helistada kliiniku registratuuri. Vajad abi? Saada e-kiri Helista Broneeri aeg esmasele vastuv\u00f5tule online.","og_url":"https:\/\/www.k3hambaravi.ee\/ru\/broneeri\/","og_site_name":"K3 Hambaravi","article_modified_time":"2023-05-19T13:51:55+00:00","og_image":[{"url":"https:\/\/www.k3hambaravi.ee\/wp-content\/uploads\/elementor\/thumbs\/Hinnakiri-p3xlkj1szyts2cbozyvt5j8hkpqwj2qgteewfzoehw.jpg","type":"","width":"","height":""}],"twitter_card":"summary_large_image","schema":{"@context":"https:\/\/schema.org","@graph":[{"@type":"WebPage","@id":"https:\/\/www.k3hambaravi.ee\/broneeri\/","url":"https:\/\/www.k3hambaravi.ee\/broneeri\/","name":"Broneeri | K3 Hambaravi","isPartOf":{"@id":"https:\/\/www.k3hambaravi.ee\/#website"},"primaryImageOfPage":{"@id":"https:\/\/www.k3hambaravi.ee\/broneeri\/#primaryimage"},"image":{"@id":"https:\/\/www.k3hambaravi.ee\/broneeri\/#primaryimage"},"thumbnailUrl":"https:\/\/www.k3hambaravi.ee\/wp-content\/uploads\/elementor\/thumbs\/Hinnakiri-p3xlkj1szyts2cbozyvt5j8hkpqwj2qgteewfzoehw.jpg","datePublished":"2021-02-26T09:09:51+00:00","dateModified":"2023-05-19T13:51:55+00:00","breadcrumb":{"@id":"https:\/\/www.k3hambaravi.ee\/broneeri\/#breadcrumb"},"inLanguage":"ru-RU","potentialAction":[{"@type":"ReadAction","target":["https:\/\/www.k3hambaravi.ee\/broneeri\/"]}]},{"@type":"ImageObject","inLanguage":"ru-RU","@id":"https:\/\/www.k3hambaravi.ee\/broneeri\/#primaryimage","url":"https:\/\/www.k3hambaravi.ee\/wp-content\/uploads\/elementor\/thumbs\/Hinnakiri-p3xlkj1szyts2cbozyvt5j8hkpqwj2qgteewfzoehw.jpg","contentUrl":"https:\/\/www.k3hambaravi.ee\/wp-content\/uploads\/elementor\/thumbs\/Hinnakiri-p3xlkj1szyts2cbozyvt5j8hkpqwj2qgteewfzoehw.jpg"},{"@type":"BreadcrumbList","@id":"https:\/\/www.k3hambaravi.ee\/broneeri\/#breadcrumb","itemListElement":[{"@type":"ListItem","position":1,"name":"Home","item":"https:\/\/www.k3hambaravi.ee\/"},{"@type":"ListItem","position":2,"name":"Broneeri"}]},{"@type":"WebSite","@id":"https:\/\/www.k3hambaravi.ee\/#website","url":"https:\/\/www.k3hambaravi.ee\/","name":"\u041a3 \u0417\u0423\u0411\u041d\u0410\u042f \u041a\u041b\u0418\u041d\u0418\u041a\u0410","description":"Kaasaegne hambaravikliinik Tallinna s&uuml;dalinnas","publisher":{"@id":"https:\/\/www.k3hambaravi.ee\/#organization"},"potentialAction":[{"@type":"SearchAction","target":{"@type":"EntryPoint","urlTemplate":"https:\/\/www.k3hambaravi.ee\/?s={search_term_string}"},"query-input":{"@type":"PropertyValueSpecification","valueRequired":true,"valueName":"search_term_string"}}],"inLanguage":"ru-RU"},{"@type":"Organization","@id":"https:\/\/www.k3hambaravi.ee\/#organization","name":"\u041a3 \u0417\u0423\u0411\u041d\u0410\u042f \u041a\u041b\u0418\u041d\u0418\u041a\u0410","url":"https:\/\/www.k3hambaravi.ee\/","logo":{"@type":"ImageObject","inLanguage":"ru-RU","@id":"https:\/\/www.k3hambaravi.ee\/#\/schema\/logo\/image\/","url":"https:\/\/www.k3hambaravi.ee\/wp-content\/uploads\/2020\/12\/cropped-K3-logo-01-1.png","contentUrl":"https:\/\/www.k3hambaravi.ee\/wp-content\/uploads\/2020\/12\/cropped-K3-logo-01-1.png","width":400,"height":266,"caption":"K3 Hambaravi"},"image":{"@id":"https:\/\/www.k3hambaravi.ee\/#\/schema\/logo\/image\/"}}]}},"_links":{"self":[{"href":"https:\/\/www.k3hambaravi.ee\/ru\/wp-json\/wp\/v2\/pages\/2301","targetHints":{"allow":["GET"]}}],"collection":[{"href":"https:\/\/www.k3hambaravi.ee\/ru\/wp-json\/wp\/v2\/pages"}],"about":[{"href":"https:\/\/www.k3hambaravi.ee\/ru\/wp-json\/wp\/v2\/types\/page"}],"author":[{"embeddable":true,"href":"https:\/\/www.k3hambaravi.ee\/ru\/wp-json\/wp\/v2\/users\/4"}],"replies":[{"embeddable":true,"href":"https:\/\/www.k3hambaravi.ee\/ru\/wp-json\/wp\/v2\/comments?post=2301"}],"version-history":[{"count":3,"href":"https:\/\/www.k3hambaravi.ee\/ru\/wp-json\/wp\/v2\/pages\/2301\/revisions"}],"predecessor-version":[{"id":3630,"href":"https:\/\/www.k3hambaravi.ee\/ru\/wp-json\/wp\/v2\/pages\/2301\/revisions\/3630"}],"wp:attachment":[{"href":"https:\/\/www.k3hambaravi.ee\/ru\/wp-json\/wp\/v2\/media?parent=2301"}],"curies":[{"name":"wp","href":"https:\/\/api.w.org\/{rel}","templated":true}]}}