{"id":1378,"date":"2021-01-20T22:22:38","date_gmt":"2021-01-20T22:22:38","guid":{"rendered":"https:\/\/new.k3hambaravi.ee\/?page_id=1378"},"modified":"2024-08-07T16:23:04","modified_gmt":"2024-08-07T13:23:04","slug":"hambaravihuvitised","status":"publish","type":"page","link":"https:\/\/www.k3hambaravi.ee\/ru\/hambaravihuvitised\/","title":{"rendered":"Hambaravih\u00fcvitised"},"content":{"rendered":"\t\t<div data-elementor-type=\"wp-page\" data-elementor-id=\"1378\" class=\"elementor elementor-1378\" data-elementor-post-type=\"page\">\n\t\t\t\t\t\t<section class=\"elementor-section elementor-top-section elementor-element elementor-element-62f19e1 elementor-section-height-min-height elementor-section-boxed elementor-section-height-default elementor-section-items-middle\" data-id=\"62f19e1\" data-element_type=\"section\" data-e-type=\"section\" data-settings=\"{&quot;background_background&quot;:&quot;classic&quot;}\">\n\t\t\t\t\t\t\t<div class=\"elementor-background-overlay\"><\/div>\n\t\t\t\t\t\t\t<div class=\"elementor-container elementor-column-gap-default\">\n\t\t\t\t\t<div class=\"elementor-column elementor-col-100 elementor-top-column elementor-element elementor-element-46bdc3e\" data-id=\"46bdc3e\" data-element_type=\"column\" data-e-type=\"column\">\n\t\t\t<div class=\"elementor-widget-wrap elementor-element-populated\">\n\t\t\t\t\t\t<div class=\"elementor-element elementor-element-f4ddaee elementor-widget elementor-widget-heading\" data-id=\"f4ddaee\" data-element_type=\"widget\" data-e-type=\"widget\" data-widget_type=\"heading.default\">\n\t\t\t\t<div class=\"elementor-widget-container\">\n\t\t\t\t\t<h1 class=\"elementor-heading-title elementor-size-default\">Hambaravih\u00fcvitised<\/h1>\t\t\t\t<\/div>\n\t\t\t\t<\/div>\n\t\t\t\t\t<\/div>\n\t\t<\/div>\n\t\t\t\t\t<\/div>\n\t\t<\/section>\n\t\t\t\t<section class=\"elementor-section elementor-top-section elementor-element elementor-element-3cfe688b elementor-section-boxed elementor-section-height-default elementor-section-height-default\" data-id=\"3cfe688b\" data-element_type=\"section\" data-e-type=\"section\">\n\t\t\t\t\t\t<div class=\"elementor-container elementor-column-gap-default\">\n\t\t\t\t\t<div class=\"elementor-column elementor-col-100 elementor-top-column elementor-element elementor-element-4fcfdf27\" data-id=\"4fcfdf27\" data-element_type=\"column\" data-e-type=\"column\">\n\t\t\t<div class=\"elementor-widget-wrap elementor-element-populated\">\n\t\t\t\t\t\t<div class=\"elementor-element elementor-element-e61ed9f elementor-widget elementor-widget-heading\" data-id=\"e61ed9f\" data-element_type=\"widget\" data-e-type=\"widget\" data-widget_type=\"heading.default\">\n\t\t\t\t<div class=\"elementor-widget-container\">\n\t\t\t\t\t<h2 class=\"elementor-heading-title elementor-size-default\">Kasuta hambaravih\u00fcvitisi<\/h2>\t\t\t\t<\/div>\n\t\t\t\t<\/div>\n\t\t\t\t<div class=\"elementor-element elementor-element-269db88 elementor-widget elementor-widget-text-editor\" data-id=\"269db88\" data-element_type=\"widget\" data-e-type=\"widget\" data-widget_type=\"text-editor.default\">\n\t\t\t\t<div class=\"elementor-widget-container\">\n\t\t\t\t\t\t\t\t\t<p><strong>K3 Hambaravi O\u00dc on Tervisekassa lepingupartner.<\/strong><\/p>\n<ol>\n<li>\n<p><strong>Alla 19-aastaste laste hambaravi. <\/strong>Alla 19-aastaste ravikindlustatud laste hambaravi <span style=\"font-size: 15px;\">eest tasub Tervisekassa&nbsp;<\/span><span style=\"font-size: 15px;\">(<\/span><span style=\"font-family: Raleway; font-size: 15px; font-style: normal; font-variant-ligatures: normal; font-variant-caps: normal; font-weight: 400;\">tervishoiuteenuste loetelus nimetatud teenuste alusel).&nbsp;<\/span><span style=\"font-size: 15px;\">L<\/span><span style=\"font-size: 15px;\">isandub vaid visiiditasu 5\u20ac (Ravikindlustuse seadus \u00a767, \u00a770 ja \u00a772).&nbsp;<\/span><a href=\"https:\/\/www.tervisekassa.ee\/inimesele\/hambaravi\/laste-hambaravi\" target=\"_blank\" style=\"font-size: 15px; background-color: rgb(255, 255, 255);\"><b>Loe l\u00e4hemalt &gt;<\/b><\/a><\/p>\n<\/li>\n<li>\n<p><strong>T\u00e4iskasvanute hambaravih\u00fcvitis.<\/strong> V\u00e4hemalt 19-aastased ravikindlustatud isikud saavad Tervisekassa poolt kehtestatud hambaravih\u00fcvitist.&nbsp;<a href=\"https:\/\/www.tervisekassa.ee\/inimesele\/hambaravi\/taiskasvanute-hambaravi\/hambaravihuvitis\" target=\"_blank\" style=\"font-size: 15px; background-color: rgb(255, 255, 255);\"><b>Loe l\u00e4hemalt &gt;<\/b><\/a><\/p>\n<\/li>\n<li><strong>Proteesih\u00fcvitis.<\/strong> Pension\u00e4ride, osalise v\u00f5i puuduva t\u00f6\u00f6v\u00f5imega inimeste ning \u00fcle 63-aastaste inimeste proteesit\u00f6\u00f6dest tasub Tervisekassa 260 eurot \u00fcks kord kolme aasta jooksul.&nbsp;<a href=\"https:\/\/www.tervisekassa.ee\/inimesele\/hambaravi\/taiskasvanute-hambaravi\/hambaproteeside-huvitis\" target=\"_blank\"><b>Loe l\u00e4hemalt &gt;<\/b><\/a><\/li>\n<\/ol>\n<p><strong>Tervisekassa<\/strong><\/p>\n<p>Infotelefon 16 363, v\u00e4lisriigist helistades&nbsp;+372 669 6630,&nbsp;<a style=\"font-size: 15px; background-color: #ffffff;\" href=\"https:\/\/www.tervisekassa.ee\/\" target=\"_blank\" rel=\"noopener\">www.tervisekassa.ee<\/a><\/p>\t\t\t\t\t\t\t\t<\/div>\n\t\t\t\t<\/div>\n\t\t\t\t<div class=\"elementor-element elementor-element-76d5d95 elementor-widget elementor-widget-image\" data-id=\"76d5d95\" data-element_type=\"widget\" data-e-type=\"widget\" data-widget_type=\"image.default\">\n\t\t\t\t<div class=\"elementor-widget-container\">\n\t\t\t\t\t\t\t\t\t\t\t\t\t\t\t\t<a href=\"https:\/\/www.tervisekassa.ee\/\" target=\"_blank\">\n\t\t\t\t\t\t\t<img fetchpriority=\"high\" decoding=\"async\" width=\"1024\" height=\"177\" src=\"https:\/\/www.k3hambaravi.ee\/wp-content\/uploads\/2024\/08\/Tervisekassa-Logo-Black-1024x177.png\" class=\"attachment-large size-large wp-image-4404\" alt=\"Tervisekassa logo\" srcset=\"https:\/\/www.k3hambaravi.ee\/wp-content\/uploads\/2024\/08\/Tervisekassa-Logo-Black-1024x177.png 1024w, https:\/\/www.k3hambaravi.ee\/wp-content\/uploads\/2024\/08\/Tervisekassa-Logo-Black-300x52.png 300w, https:\/\/www.k3hambaravi.ee\/wp-content\/uploads\/2024\/08\/Tervisekassa-Logo-Black-768x133.png 768w, https:\/\/www.k3hambaravi.ee\/wp-content\/uploads\/2024\/08\/Tervisekassa-Logo-Black-1536x266.png 1536w, https:\/\/www.k3hambaravi.ee\/wp-content\/uploads\/2024\/08\/Tervisekassa-Logo-Black-2048x355.png 2048w, https:\/\/www.k3hambaravi.ee\/wp-content\/uploads\/2024\/08\/Tervisekassa-Logo-Black-18x3.png 18w\" sizes=\"(max-width: 1024px) 100vw, 1024px\" \/>\t\t\t\t\t\t\t\t<\/a>\n\t\t\t\t\t\t\t\t\t\t\t\t\t\t\t<\/div>\n\t\t\t\t<\/div>\n\t\t\t\t\t<\/div>\n\t\t<\/div>\n\t\t\t\t\t<\/div>\n\t\t<\/section>\n\t\t\t\t<section class=\"elementor-section elementor-top-section elementor-element elementor-element-d32fd2d elementor-section-full_width elementor-section-height-default elementor-section-height-default\" data-id=\"d32fd2d\" data-element_type=\"section\" data-e-type=\"section\">\n\t\t\t\t\t\t<div class=\"elementor-container elementor-column-gap-default\">\n\t\t\t\t\t<div class=\"elementor-column elementor-col-100 elementor-top-column elementor-element elementor-element-63a89f3\" data-id=\"63a89f3\" data-element_type=\"column\" data-e-type=\"column\">\n\t\t\t<div class=\"elementor-widget-wrap elementor-element-populated\">\n\t\t\t\t\t\t<div class=\"elementor-element elementor-element-df849d8 elementor-widget elementor-widget-shortcode\" data-id=\"df849d8\" data-element_type=\"widget\" data-e-type=\"widget\" data-widget_type=\"shortcode.default\">\n\t\t\t\t<div class=\"elementor-widget-container\">\n\t\t\t\t\t\t\t<div class=\"elementor-shortcode\">\t\t<div data-elementor-type=\"wp-post\" data-elementor-id=\"650\" class=\"elementor elementor-650\" data-elementor-post-type=\"ae_global_templates\">\n\t\t\t\t\t\t<section class=\"elementor-section elementor-top-section elementor-element elementor-element-be87e7c elementor-section-boxed elementor-section-height-default elementor-section-height-default\" data-id=\"be87e7c\" data-element_type=\"section\" data-e-type=\"section\" data-settings=\"{&quot;background_background&quot;:&quot;classic&quot;}\">\n\t\t\t\t\t\t<div class=\"elementor-container elementor-column-gap-default\">\n\t\t\t\t\t<div class=\"elementor-column elementor-col-50 elementor-top-column elementor-element elementor-element-9485c2f\" data-id=\"9485c2f\" data-element_type=\"column\" data-e-type=\"column\">\n\t\t\t<div class=\"elementor-widget-wrap elementor-element-populated\">\n\t\t\t\t\t\t<div class=\"elementor-element elementor-element-f3c505c elementor-widget elementor-widget-heading\" data-id=\"f3c505c\" data-element_type=\"widget\" data-e-type=\"widget\" data-widget_type=\"heading.default\">\n\t\t\t\t<div class=\"elementor-widget-container\">\n\t\t\t\t\t<h3 class=\"elementor-heading-title elementor-size-default\">Praktilised n\u00e4pun\u00e4ited Sinu postkasti.<\/h3>\t\t\t\t<\/div>\n\t\t\t\t<\/div>\n\t\t\t\t\t<\/div>\n\t\t<\/div>\n\t\t\t\t<div class=\"elementor-column elementor-col-50 elementor-top-column elementor-element elementor-element-eb25fc3\" data-id=\"eb25fc3\" data-element_type=\"column\" data-e-type=\"column\">\n\t\t\t<div class=\"elementor-widget-wrap elementor-element-populated\">\n\t\t\t\t\t\t<div class=\"elementor-element elementor-element-dd7b4de elementor-button-align-stretch elementor-widget elementor-widget-form\" data-id=\"dd7b4de\" data-element_type=\"widget\" data-e-type=\"widget\" data-settings=\"{&quot;step_next_label&quot;:&quot;Next&quot;,&quot;step_previous_label&quot;:&quot;Previous&quot;,&quot;button_width&quot;:&quot;100&quot;,&quot;step_type&quot;:&quot;number_text&quot;,&quot;step_icon_shape&quot;:&quot;circle&quot;}\" data-widget_type=\"form.default\">\n\t\t\t\t<div class=\"elementor-widget-container\">\n\t\t\t\t\t\t\t<form class=\"elementor-form\" method=\"post\" name=\"New Form\" aria-label=\"New Form\">\n\t\t\t<input type=\"hidden\" name=\"post_id\" value=\"650\"\/>\n\t\t\t<input type=\"hidden\" name=\"form_id\" value=\"dd7b4de\"\/>\n\t\t\t<input type=\"hidden\" name=\"referer_title\" value=\"Igemehaiguste ravi | K3 Hambaravi\" \/>\n\n\t\t\t\t\t\t\t<input type=\"hidden\" name=\"queried_id\" value=\"413\"\/>\n\t\t\t\n\t\t\t<div class=\"elementor-form-fields-wrapper elementor-labels-\">\n\t\t\t\t\t\t\t\t<div class=\"elementor-field-type-text elementor-field-group elementor-column elementor-field-group-name elementor-col-50\">\n\t\t\t\t\t\t\t\t\t\t\t\t<label for=\"form-field-name\" class=\"elementor-field-label elementor-screen-only\">\n\t\t\t\t\t\t\t\tNimi\t\t\t\t\t\t\t<\/label>\n\t\t\t\t\t\t\t\t\t\t\t\t\t\t<input size=\"1\" type=\"text\" name=\"form_fields[name]\" id=\"form-field-name\" class=\"elementor-field elementor-size-md  elementor-field-textual\" placeholder=\"Nimi\">\n\t\t\t\t\t\t\t\t\t\t\t<\/div>\n\t\t\t\t\t\t\t\t<div class=\"elementor-field-type-email elementor-field-group elementor-column elementor-field-group-email elementor-col-50 elementor-field-required\">\n\t\t\t\t\t\t\t\t\t\t\t\t<label for=\"form-field-email\" class=\"elementor-field-label elementor-screen-only\">\n\t\t\t\t\t\t\t\tEmail\t\t\t\t\t\t\t<\/label>\n\t\t\t\t\t\t\t\t\t\t\t\t\t\t<input size=\"1\" type=\"email\" name=\"form_fields[email]\" id=\"form-field-email\" class=\"elementor-field elementor-size-md  elementor-field-textual\" placeholder=\"Email\" required=\"required\">\n\t\t\t\t\t\t\t\t\t\t\t<\/div>\n\t\t\t\t\t\t\t\t<div class=\"elementor-field-type-recaptcha_v3 elementor-field-group elementor-column elementor-field-group-field_321271f elementor-col-100 recaptcha_v3-bottomright\">\n\t\t\t\t\t<div class=\"elementor-field\" id=\"form-field-field_321271f\"><div class=\"elementor-g-recaptcha\" data-sitekey=\"6LepTzQiAAAAAI-6ikJ9ON2T-qnpIjqotnO9-2Gr\" data-type=\"v3\" data-action=\"Form\" data-badge=\"bottomright\" data-size=\"invisible\"><\/div><\/div>\t\t\t\t<\/div>\n\t\t\t\t\t\t\t\t<div class=\"elementor-field-group elementor-column elementor-field-type-submit elementor-col-100 e-form__buttons\">\n\t\t\t\t\t<button class=\"elementor-button elementor-size-md\" type=\"submit\">\n\t\t\t\t\t\t<span class=\"elementor-button-content-wrapper\">\n\t\t\t\t\t\t\t\t\t\t\t\t\t\t\t\t\t\t\t\t\t\t<span class=\"elementor-button-text\">Liitu uudiskirjaga<\/span>\n\t\t\t\t\t\t\t\t\t\t\t\t\t<\/span>\n\t\t\t\t\t<\/button>\n\t\t\t\t<\/div>\n\t\t\t<\/div>\n\t\t<\/form>\n\t\t\t\t\t\t<\/div>\n\t\t\t\t<\/div>\n\t\t\t\t<div class=\"elementor-element elementor-element-11e54f8 elementor-widget elementor-widget-heading\" data-id=\"11e54f8\" data-element_type=\"widget\" data-e-type=\"widget\" data-widget_type=\"heading.default\">\n\t\t\t\t<div class=\"elementor-widget-container\">\n\t\t\t\t\t<p class=\"elementor-heading-title elementor-size-default\"><a href=\"https:\/\/new.k3hambaravi.ee\/privacy-policy\/\">Hindame Sinu privaatsust. Tutvu meie privaatsuspoliitikaga.<\/a><\/p>\t\t\t\t<\/div>\n\t\t\t\t<\/div>\n\t\t\t\t\t<\/div>\n\t\t<\/div>\n\t\t\t\t\t<\/div>\n\t\t<\/section>\n\t\t\t\t<\/div>\n\t\t<\/div>\n\t\t\t\t\t\t<\/div>\n\t\t\t\t<\/div>\n\t\t\t\t\t<\/div>\n\t\t<\/div>\n\t\t\t\t\t<\/div>\n\t\t<\/section>\n\t\t\t\t<\/div>\n\t\t","protected":false},"excerpt":{"rendered":"<p>Kasuta hambaravih\u00fcvitisi K3 Hambaravi O\u00dc on Tervisekassa lepingupartner. Alla 19-aastaste laste hambaravi. Alla 19-aastaste ravikindlustatud laste hambaravi eest tasub Tervisekassa&nbsp;(tervishoiuteenuste loetelus nimetatud teenuste alusel).&nbsp;Lisandub vaid visiiditasu 5\u20ac (Ravikindlustuse seadus \u00a767, \u00a770 ja \u00a772).&nbsp;Loe l\u00e4hemalt &gt; T\u00e4iskasvanute hambaravih\u00fcvitis. V\u00e4hemalt 19-aastased ravikindlustatud isikud saavad Tervisekassa poolt kehtestatud hambaravih\u00fcvitist.&nbsp;Loe l\u00e4hemalt &gt; Proteesih\u00fcvitis. Pension\u00e4ride, osalise v\u00f5i puuduva t\u00f6\u00f6v\u00f5imega inimeste [&hellip;]<\/p>\n","protected":false},"author":4,"featured_media":115,"parent":0,"menu_order":0,"comment_status":"closed","ping_status":"open","template":"elementor_header_footer","meta":{"footnotes":""},"class_list":["post-1378","page","type-page","status-publish","has-post-thumbnail","hentry","entry","has-media"],"yoast_head":"<!-- This site is optimized with the Yoast SEO plugin v27.3 - https:\/\/yoast.com\/product\/yoast-seo-wordpress\/ -->\n<title>Hambaravih\u00fcvitised | K3 Hambaravi<\/title>\n<meta name=\"robots\" content=\"index, follow, max-snippet:-1, max-image-preview:large, max-video-preview:-1\" \/>\n<link rel=\"canonical\" href=\"https:\/\/www.k3hambaravi.ee\/ru\/hambaravihuvitised\/\" \/>\n<meta property=\"og:locale\" content=\"ru_RU\" \/>\n<meta property=\"og:type\" content=\"article\" \/>\n<meta property=\"og:title\" content=\"Hambaravih\u00fcvitised | K3 Hambaravi\" \/>\n<meta property=\"og:description\" content=\"Kasuta hambaravih\u00fcvitisi K3 Hambaravi O\u00dc on Tervisekassa lepingupartner. Alla 19-aastaste laste hambaravi. Alla 19-aastaste ravikindlustatud laste hambaravi eest tasub Tervisekassa&nbsp;(tervishoiuteenuste loetelus nimetatud teenuste alusel).&nbsp;Lisandub vaid visiiditasu 5\u20ac (Ravikindlustuse seadus \u00a767, \u00a770 ja \u00a772).&nbsp;Loe l\u00e4hemalt &gt; T\u00e4iskasvanute hambaravih\u00fcvitis. V\u00e4hemalt 19-aastased ravikindlustatud isikud saavad Tervisekassa poolt kehtestatud hambaravih\u00fcvitist.&nbsp;Loe l\u00e4hemalt &gt; Proteesih\u00fcvitis. Pension\u00e4ride, osalise v\u00f5i puuduva t\u00f6\u00f6v\u00f5imega inimeste [&hellip;]\" \/>\n<meta property=\"og:url\" content=\"https:\/\/www.k3hambaravi.ee\/ru\/hambaravihuvitised\/\" \/>\n<meta property=\"og:site_name\" content=\"K3 Hambaravi\" \/>\n<meta property=\"article:modified_time\" content=\"2024-08-07T13:23:04+00:00\" \/>\n<meta property=\"og:image\" content=\"https:\/\/www.k3hambaravi.ee\/wp-content\/uploads\/2020\/12\/shutterstock_400394971.jpg\" \/>\n\t<meta property=\"og:image:width\" content=\"1500\" \/>\n\t<meta property=\"og:image:height\" content=\"1000\" \/>\n\t<meta property=\"og:image:type\" content=\"image\/jpeg\" \/>\n<meta name=\"twitter:card\" content=\"summary_large_image\" \/>\n<script type=\"application\/ld+json\" class=\"yoast-schema-graph\">{\"@context\":\"https:\\\/\\\/schema.org\",\"@graph\":[{\"@type\":\"WebPage\",\"@id\":\"https:\\\/\\\/www.k3hambaravi.ee\\\/hambaravihuvitised\\\/\",\"url\":\"https:\\\/\\\/www.k3hambaravi.ee\\\/hambaravihuvitised\\\/\",\"name\":\"Hambaravih\u00fcvitised | K3 Hambaravi\",\"isPartOf\":{\"@id\":\"https:\\\/\\\/www.k3hambaravi.ee\\\/#website\"},\"primaryImageOfPage\":{\"@id\":\"https:\\\/\\\/www.k3hambaravi.ee\\\/hambaravihuvitised\\\/#primaryimage\"},\"image\":{\"@id\":\"https:\\\/\\\/www.k3hambaravi.ee\\\/hambaravihuvitised\\\/#primaryimage\"},\"thumbnailUrl\":\"https:\\\/\\\/www.k3hambaravi.ee\\\/wp-content\\\/uploads\\\/2020\\\/12\\\/shutterstock_400394971.jpg\",\"datePublished\":\"2021-01-20T22:22:38+00:00\",\"dateModified\":\"2024-08-07T13:23:04+00:00\",\"breadcrumb\":{\"@id\":\"https:\\\/\\\/www.k3hambaravi.ee\\\/hambaravihuvitised\\\/#breadcrumb\"},\"inLanguage\":\"ru-RU\",\"potentialAction\":[{\"@type\":\"ReadAction\",\"target\":[\"https:\\\/\\\/www.k3hambaravi.ee\\\/hambaravihuvitised\\\/\"]}]},{\"@type\":\"ImageObject\",\"inLanguage\":\"ru-RU\",\"@id\":\"https:\\\/\\\/www.k3hambaravi.ee\\\/hambaravihuvitised\\\/#primaryimage\",\"url\":\"https:\\\/\\\/www.k3hambaravi.ee\\\/wp-content\\\/uploads\\\/2020\\\/12\\\/shutterstock_400394971.jpg\",\"contentUrl\":\"https:\\\/\\\/www.k3hambaravi.ee\\\/wp-content\\\/uploads\\\/2020\\\/12\\\/shutterstock_400394971.jpg\",\"width\":1500,\"height\":1000},{\"@type\":\"BreadcrumbList\",\"@id\":\"https:\\\/\\\/www.k3hambaravi.ee\\\/hambaravihuvitised\\\/#breadcrumb\",\"itemListElement\":[{\"@type\":\"ListItem\",\"position\":1,\"name\":\"Home\",\"item\":\"https:\\\/\\\/www.k3hambaravi.ee\\\/\"},{\"@type\":\"ListItem\",\"position\":2,\"name\":\"Hambaravih\u00fcvitised\"}]},{\"@type\":\"WebSite\",\"@id\":\"https:\\\/\\\/www.k3hambaravi.ee\\\/#website\",\"url\":\"https:\\\/\\\/www.k3hambaravi.ee\\\/\",\"name\":\"K3 Hambaravi\",\"description\":\"Kaasaegne hambaravikliinik Tallinna s&uuml;dalinnas\",\"publisher\":{\"@id\":\"https:\\\/\\\/www.k3hambaravi.ee\\\/#organization\"},\"potentialAction\":[{\"@type\":\"SearchAction\",\"target\":{\"@type\":\"EntryPoint\",\"urlTemplate\":\"https:\\\/\\\/www.k3hambaravi.ee\\\/?s={search_term_string}\"},\"query-input\":{\"@type\":\"PropertyValueSpecification\",\"valueRequired\":true,\"valueName\":\"search_term_string\"}}],\"inLanguage\":\"ru-RU\"},{\"@type\":\"Organization\",\"@id\":\"https:\\\/\\\/www.k3hambaravi.ee\\\/#organization\",\"name\":\"K3 Hambaravi\",\"url\":\"https:\\\/\\\/www.k3hambaravi.ee\\\/\",\"logo\":{\"@type\":\"ImageObject\",\"inLanguage\":\"ru-RU\",\"@id\":\"https:\\\/\\\/www.k3hambaravi.ee\\\/#\\\/schema\\\/logo\\\/image\\\/\",\"url\":\"https:\\\/\\\/www.k3hambaravi.ee\\\/wp-content\\\/uploads\\\/2020\\\/12\\\/cropped-K3-logo-01-1.png\",\"contentUrl\":\"https:\\\/\\\/www.k3hambaravi.ee\\\/wp-content\\\/uploads\\\/2020\\\/12\\\/cropped-K3-logo-01-1.png\",\"width\":400,\"height\":266,\"caption\":\"K3 Hambaravi\"},\"image\":{\"@id\":\"https:\\\/\\\/www.k3hambaravi.ee\\\/#\\\/schema\\\/logo\\\/image\\\/\"}}]}<\/script>\n<!-- \/ Yoast SEO plugin. -->","yoast_head_json":{"title":"Hambaravih\u00fcvitised | K3 Hambaravi","robots":{"index":"index","follow":"follow","max-snippet":"max-snippet:-1","max-image-preview":"max-image-preview:large","max-video-preview":"max-video-preview:-1"},"canonical":"https:\/\/www.k3hambaravi.ee\/ru\/hambaravihuvitised\/","og_locale":"ru_RU","og_type":"article","og_title":"Hambaravih\u00fcvitised | K3 Hambaravi","og_description":"Kasuta hambaravih\u00fcvitisi K3 Hambaravi O\u00dc on Tervisekassa lepingupartner. Alla 19-aastaste laste hambaravi. Alla 19-aastaste ravikindlustatud laste hambaravi eest tasub Tervisekassa&nbsp;(tervishoiuteenuste loetelus nimetatud teenuste alusel).&nbsp;Lisandub vaid visiiditasu 5\u20ac (Ravikindlustuse seadus \u00a767, \u00a770 ja \u00a772).&nbsp;Loe l\u00e4hemalt &gt; T\u00e4iskasvanute hambaravih\u00fcvitis. V\u00e4hemalt 19-aastased ravikindlustatud isikud saavad Tervisekassa poolt kehtestatud hambaravih\u00fcvitist.&nbsp;Loe l\u00e4hemalt &gt; Proteesih\u00fcvitis. Pension\u00e4ride, osalise v\u00f5i puuduva t\u00f6\u00f6v\u00f5imega inimeste [&hellip;]","og_url":"https:\/\/www.k3hambaravi.ee\/ru\/hambaravihuvitised\/","og_site_name":"K3 Hambaravi","article_modified_time":"2024-08-07T13:23:04+00:00","og_image":[{"width":1500,"height":1000,"url":"https:\/\/www.k3hambaravi.ee\/wp-content\/uploads\/2020\/12\/shutterstock_400394971.jpg","type":"image\/jpeg"}],"twitter_card":"summary_large_image","schema":{"@context":"https:\/\/schema.org","@graph":[{"@type":"WebPage","@id":"https:\/\/www.k3hambaravi.ee\/hambaravihuvitised\/","url":"https:\/\/www.k3hambaravi.ee\/hambaravihuvitised\/","name":"Hambaravih\u00fcvitised | K3 Hambaravi","isPartOf":{"@id":"https:\/\/www.k3hambaravi.ee\/#website"},"primaryImageOfPage":{"@id":"https:\/\/www.k3hambaravi.ee\/hambaravihuvitised\/#primaryimage"},"image":{"@id":"https:\/\/www.k3hambaravi.ee\/hambaravihuvitised\/#primaryimage"},"thumbnailUrl":"https:\/\/www.k3hambaravi.ee\/wp-content\/uploads\/2020\/12\/shutterstock_400394971.jpg","datePublished":"2021-01-20T22:22:38+00:00","dateModified":"2024-08-07T13:23:04+00:00","breadcrumb":{"@id":"https:\/\/www.k3hambaravi.ee\/hambaravihuvitised\/#breadcrumb"},"inLanguage":"ru-RU","potentialAction":[{"@type":"ReadAction","target":["https:\/\/www.k3hambaravi.ee\/hambaravihuvitised\/"]}]},{"@type":"ImageObject","inLanguage":"ru-RU","@id":"https:\/\/www.k3hambaravi.ee\/hambaravihuvitised\/#primaryimage","url":"https:\/\/www.k3hambaravi.ee\/wp-content\/uploads\/2020\/12\/shutterstock_400394971.jpg","contentUrl":"https:\/\/www.k3hambaravi.ee\/wp-content\/uploads\/2020\/12\/shutterstock_400394971.jpg","width":1500,"height":1000},{"@type":"BreadcrumbList","@id":"https:\/\/www.k3hambaravi.ee\/hambaravihuvitised\/#breadcrumb","itemListElement":[{"@type":"ListItem","position":1,"name":"Home","item":"https:\/\/www.k3hambaravi.ee\/"},{"@type":"ListItem","position":2,"name":"Hambaravih\u00fcvitised"}]},{"@type":"WebSite","@id":"https:\/\/www.k3hambaravi.ee\/#website","url":"https:\/\/www.k3hambaravi.ee\/","name":"\u041a3 \u0417\u0423\u0411\u041d\u0410\u042f \u041a\u041b\u0418\u041d\u0418\u041a\u0410","description":"Kaasaegne hambaravikliinik Tallinna s&uuml;dalinnas","publisher":{"@id":"https:\/\/www.k3hambaravi.ee\/#organization"},"potentialAction":[{"@type":"SearchAction","target":{"@type":"EntryPoint","urlTemplate":"https:\/\/www.k3hambaravi.ee\/?s={search_term_string}"},"query-input":{"@type":"PropertyValueSpecification","valueRequired":true,"valueName":"search_term_string"}}],"inLanguage":"ru-RU"},{"@type":"Organization","@id":"https:\/\/www.k3hambaravi.ee\/#organization","name":"\u041a3 \u0417\u0423\u0411\u041d\u0410\u042f \u041a\u041b\u0418\u041d\u0418\u041a\u0410","url":"https:\/\/www.k3hambaravi.ee\/","logo":{"@type":"ImageObject","inLanguage":"ru-RU","@id":"https:\/\/www.k3hambaravi.ee\/#\/schema\/logo\/image\/","url":"https:\/\/www.k3hambaravi.ee\/wp-content\/uploads\/2020\/12\/cropped-K3-logo-01-1.png","contentUrl":"https:\/\/www.k3hambaravi.ee\/wp-content\/uploads\/2020\/12\/cropped-K3-logo-01-1.png","width":400,"height":266,"caption":"K3 Hambaravi"},"image":{"@id":"https:\/\/www.k3hambaravi.ee\/#\/schema\/logo\/image\/"}}]}},"_links":{"self":[{"href":"https:\/\/www.k3hambaravi.ee\/ru\/wp-json\/wp\/v2\/pages\/1378","targetHints":{"allow":["GET"]}}],"collection":[{"href":"https:\/\/www.k3hambaravi.ee\/ru\/wp-json\/wp\/v2\/pages"}],"about":[{"href":"https:\/\/www.k3hambaravi.ee\/ru\/wp-json\/wp\/v2\/types\/page"}],"author":[{"embeddable":true,"href":"https:\/\/www.k3hambaravi.ee\/ru\/wp-json\/wp\/v2\/users\/4"}],"replies":[{"embeddable":true,"href":"https:\/\/www.k3hambaravi.ee\/ru\/wp-json\/wp\/v2\/comments?post=1378"}],"version-history":[{"count":6,"href":"https:\/\/www.k3hambaravi.ee\/ru\/wp-json\/wp\/v2\/pages\/1378\/revisions"}],"predecessor-version":[{"id":4410,"href":"https:\/\/www.k3hambaravi.ee\/ru\/wp-json\/wp\/v2\/pages\/1378\/revisions\/4410"}],"wp:featuredmedia":[{"embeddable":true,"href":"https:\/\/www.k3hambaravi.ee\/ru\/wp-json\/wp\/v2\/media\/115"}],"wp:attachment":[{"href":"https:\/\/www.k3hambaravi.ee\/ru\/wp-json\/wp\/v2\/media?parent=1378"}],"curies":[{"name":"wp","href":"https:\/\/api.w.org\/{rel}","templated":true}]}}