{"id":1354,"date":"2021-01-20T22:02:45","date_gmt":"2021-01-20T22:02:45","guid":{"rendered":"https:\/\/new.k3hambaravi.ee\/?page_id=1354"},"modified":"2021-01-20T22:03:56","modified_gmt":"2021-01-20T22:03:56","slug":"ravijarjekorra-pidamise-nouded","status":"publish","type":"page","link":"https:\/\/www.k3hambaravi.ee\/ru\/ravijarjekorra-pidamise-nouded\/","title":{"rendered":"Ravij\u00e4rjekorra pidamise n\u00f5uded"},"content":{"rendered":"<div data-elementor-type=\"wp-page\" data-elementor-id=\"1354\" class=\"elementor elementor-1354\" data-elementor-post-type=\"page\">\n\t\t\t\t\t\t<section class=\"elementor-section elementor-top-section elementor-element elementor-element-62f19e1 elementor-section-height-min-height elementor-section-boxed elementor-section-height-default elementor-section-items-middle\" data-id=\"62f19e1\" data-element_type=\"section\" data-e-type=\"section\" data-settings=\"{&quot;background_background&quot;:&quot;classic&quot;}\">\n\t\t\t\t\t\t\t<div class=\"elementor-background-overlay\"><\/div>\n\t\t\t\t\t\t\t<div class=\"elementor-container elementor-column-gap-default\">\n\t\t\t\t\t<div class=\"elementor-column elementor-col-100 elementor-top-column elementor-element elementor-element-46bdc3e\" data-id=\"46bdc3e\" data-element_type=\"column\" data-e-type=\"column\">\n\t\t\t<div class=\"elementor-widget-wrap elementor-element-populated\">\n\t\t\t\t\t\t<div class=\"elementor-element elementor-element-f4ddaee elementor-widget elementor-widget-heading\" data-id=\"f4ddaee\" data-element_type=\"widget\" data-e-type=\"widget\" data-widget_type=\"heading.default\">\n\t\t\t\t<div class=\"elementor-widget-container\">\n\t\t\t\t\t<h1 class=\"elementor-heading-title elementor-size-default\">Ravij\u00e4rjekorra pidamise n\u00f5uded<\/h1>\t\t\t\t<\/div>\n\t\t\t\t<\/div>\n\t\t\t\t\t<\/div>\n\t\t<\/div>\n\t\t\t\t\t<\/div>\n\t\t<\/section>\n\t\t\t\t<section class=\"elementor-section elementor-top-section elementor-element elementor-element-3cfe688b elementor-section-boxed elementor-section-height-default elementor-section-height-default\" data-id=\"3cfe688b\" data-element_type=\"section\" data-e-type=\"section\">\n\t\t\t\t\t\t<div class=\"elementor-container elementor-column-gap-default\">\n\t\t\t\t\t<div class=\"elementor-column elementor-col-100 elementor-top-column elementor-element elementor-element-4fcfdf27\" data-id=\"4fcfdf27\" data-element_type=\"column\" data-e-type=\"column\">\n\t\t\t<div class=\"elementor-widget-wrap elementor-element-populated\">\n\t\t\t\t\t\t<div class=\"elementor-element elementor-element-140c9a27 elementor-widget elementor-widget-text-editor\" data-id=\"140c9a27\" data-element_type=\"widget\" data-e-type=\"widget\" data-widget_type=\"text-editor.default\">\n\t\t\t\t<div class=\"elementor-widget-container\">\n\t\t\t\t\t\t\t\t\t<p><em>Alus: Sotsiaalministri m\u00e4\u00e4rus \u201c<a href=\"https:\/\/www.riigiteataja.ee\/ert\/act.jsp?id=774796\" target=\"_blank\" rel=\"noopener noreferrer\" data-saferedirecturl=\"https:\/\/www.google.com\/url?q=https:\/\/www.riigiteataja.ee\/ert\/act.jsp?id%3D774796&amp;source=gmail&amp;ust=1554135159005000&amp;usg=AFQjCNEcyCO4CgsfgifzSMmr8A0tAA1JQA\">Tervishoiuteenuste k\u00e4ttesaadavuse ja ravij\u00e4rjekorra pidamise\u00a0 n\u00f5uded<\/a>\u201c, mis j\u00f5ustus 01.09.2008.a.<\/em><\/p>\n<ol>\n<li>K 3 Hambaravi O\u00dc \u00a0peab ravij\u00e4rjekorda meditsiinitarkvaras\u00a0 Hammas.<\/li>\n<li>Patsientide ravij\u00e4rjekorda registreerimine on tagatud kliiniku t\u00f6\u00f6aja jooksul.<\/li>\n<li>Tervishoiuteenuse osutaja on kohustatud esimesel p\u00f6\u00f6rdumisel registreerima k\u00f5ik l\u00f5ikes 2 s\u00e4testatud ajavahemikus saabunud ravij\u00e4rjekorra taotlused olenemata ravij\u00e4rjekorra pikkusest ja muudest asjaoludest.<\/li>\n<li>Kui tervishoiuteenuse osutaja registreerib patsiendi ravij\u00e4rjekorda tervishoiuteenuse osutaja tegevuskohas, kantakse ravij\u00e4rjekorda j\u00e4rgmised andmed:<br \/>1) patsiendi ees- ja perekonnanimi, isikukood v\u00f5i selle puudumisel s\u00fcnniaeg;<br \/>2) planeeritav vastuv\u00f5tu\u00a0 aeg;<br \/>3) planeeritava tervishoiuteenuse osutamise n\u00e4idustus (diagnoos ja operatsiooni, uuringu v\u00f5i protseduuri nimetus);<br \/>4) patsiendi kontaktandmed;<br \/>5) suunava arsti kontaktandmed (suunamise olemasolul);<br \/>6) patsiendi ravij\u00e4rjekorda registreerimise kuup\u00e4ev;<br \/>7) ravij\u00e4rjekorras muudatuste tegemise (ravij\u00e4rjekorras ette- v\u00f5i tahapoole viimise v\u00f5i ravij\u00e4rjekorrast v\u00e4ljaarvamise) kuup\u00e4ev ja p\u00f5hjus;<br \/>8) ravij\u00e4rjekorda panemise p\u00f5hjuse kood, kui ooteaeg \u00fcletab Eesti Haigekassa n\u00f5ukogu poolt kinnitatud ravij\u00e4rjekorra maksimumpikkust nende patsientide puhul, kelle eest v\u00f5tab tasumise kohustuse \u00fcle Haigekassa;<br \/>9) m\u00e4rge, et patsienti on teavitatud ravij\u00e4rjekorras muudatuste tegemisest.<\/li>\n<li>Kui tervishoiuteenuse osutaja registreerib patsiendi ravij\u00e4rjekorda telefoni v\u00f5i interneti teel, kantakse ravij\u00e4rjekorda v\u00e4hemalt l\u00f5ike 4 punktides 1, 2, 4, 6, 7 ja 8 s\u00e4testatud andmed (st nimi, isikukood, planeeritav vastuv\u00f5tu aeg, kontaktandmed, j\u00e4rjekorda registreerimise ja muudatuste tegemise kuup\u00e4ev ning j\u00e4rjekorda panemise p\u00f5hjus).<\/li>\n<li>Patsiendi registreerimisel ravij\u00e4rjekorda tervishoiuteenuse osutaja tegevuskohas peab tervishoiuteenuse osutaja andma patsiendile\u00a0<strong>kirjaliku teatise<\/strong>, mis sisaldab tervishoiuteenuse osutamise aega ja tervishoiuteenust osutava struktuuri\u00fcksuse v\u00f5i tervishoiut\u00f6\u00f6taja nime ja telefoninumbrit.<\/li>\n<li>Kui patsient registreeritakse ravij\u00e4rjekorda\u00a0<strong>telefoni v\u00f5i interneti teel<\/strong>, peab tervishoiuteenuse osutaja teatama patsiendile telefoni v\u00f5i interneti teel tervishoiuteenuse osutamise aja ja tervishoiuteenust osutava struktuuri\u00fcksuse tervishoiut\u00f6\u00f6taja nime ja telefoninumbri.<\/li>\n<li>K\u00f5iki patsiente, kes on andnud selleks loa, \u00a0teavitatakse\u00a0 ka SMS s\u00f5numiga vastuv\u00f5tuaja l\u00e4henemisest 1 p\u00e4ev enne vastuv\u00f5tuaja saabumist.<\/li>\n<li>Ravij\u00e4rjekorras muudatuste tegemisel on tervishoiuteenuse osutaja kohustatud patsiendile muudatustest teatama hiljemalt\u00a0<strong>\u00fche t\u00f6\u00f6p\u00e4eva jooksul<\/strong>\u00a0arvates muudatuste tegemisest ning s\u00e4ilitama varasema teabe koos m\u00e4rkega, et patsienti on muudatustest teavitatud.<\/li>\n<\/ol>\n<p>Tervishoiuteenuse osutaja on kohustatud Eesti Haigekassale esitama ravij\u00e4rjekorra aruande vastavalt ravi rahastamise lepingus s\u00e4testatud tingimustele ja t\u00e4htaegadele.<\/p>\n<p>Ravij\u00e4rjekorda panemise p\u00f5hjused kodeeritakse j\u00e4rgmiselt:<br \/>1) kood 62 \u2013 rahalise ressursi piiratus;<br \/>2) kood 63 \u2013 teenuse osutaja v\u00f5imsuse puudumine;<br \/>3) kood 64 \u2013 patsiendipoolne p\u00f5hjus;<br \/>4) kood 65 \u2013 teenuse osutamisega seotud p\u00f5hjus;<br \/>5) kood 66 \u2013 muu p\u00f5hjus.<\/p>\t\t\t\t\t\t\t\t<\/div>\n\t\t\t\t<\/div>\n\t\t\t\t\t<\/div>\n\t\t<\/div>\n\t\t\t\t\t<\/div>\n\t\t<\/section>\n\t\t\t\t<\/div>","protected":false},"excerpt":{"rendered":"<p>Alus: Sotsiaalministri m\u00e4\u00e4rus \u201cTervishoiuteenuste k\u00e4ttesaadavuse ja ravij\u00e4rjekorra pidamise\u00a0 n\u00f5uded\u201c, mis j\u00f5ustus 01.09.2008.a. K 3 Hambaravi O\u00dc \u00a0peab ravij\u00e4rjekorda meditsiinitarkvaras\u00a0 Hammas. Patsientide ravij\u00e4rjekorda registreerimine on tagatud kliiniku t\u00f6\u00f6aja jooksul. Tervishoiuteenuse osutaja on kohustatud esimesel p\u00f6\u00f6rdumisel registreerima k\u00f5ik l\u00f5ikes 2 s\u00e4testatud ajavahemikus saabunud ravij\u00e4rjekorra taotlused olenemata ravij\u00e4rjekorra pikkusest ja muudest asjaoludest. Kui tervishoiuteenuse osutaja registreerib patsiendi ravij\u00e4rjekorda [&hellip;]<\/p>\n","protected":false},"author":4,"featured_media":0,"parent":0,"menu_order":0,"comment_status":"closed","ping_status":"open","template":"elementor_header_footer","meta":{"footnotes":""},"class_list":["post-1354","page","type-page","status-publish","hentry","entry"],"yoast_head":"<!-- This site is optimized with the Yoast SEO plugin v27.3 - https:\/\/yoast.com\/product\/yoast-seo-wordpress\/ -->\n<title>Ravij\u00e4rjekorra pidamise n\u00f5uded | K3 Hambaravi<\/title>\n<meta name=\"robots\" content=\"index, follow, max-snippet:-1, max-image-preview:large, max-video-preview:-1\" \/>\n<link rel=\"canonical\" href=\"https:\/\/www.k3hambaravi.ee\/ru\/ravijarjekorra-pidamise-nouded\/\" \/>\n<meta property=\"og:locale\" content=\"ru_RU\" \/>\n<meta property=\"og:type\" content=\"article\" \/>\n<meta property=\"og:title\" content=\"Ravij\u00e4rjekorra pidamise n\u00f5uded | K3 Hambaravi\" \/>\n<meta property=\"og:description\" content=\"Alus: Sotsiaalministri m\u00e4\u00e4rus \u201cTervishoiuteenuste k\u00e4ttesaadavuse ja ravij\u00e4rjekorra pidamise\u00a0 n\u00f5uded\u201c, mis j\u00f5ustus 01.09.2008.a. K 3 Hambaravi O\u00dc \u00a0peab ravij\u00e4rjekorda meditsiinitarkvaras\u00a0 Hammas. Patsientide ravij\u00e4rjekorda registreerimine on tagatud kliiniku t\u00f6\u00f6aja jooksul. Tervishoiuteenuse osutaja on kohustatud esimesel p\u00f6\u00f6rdumisel registreerima k\u00f5ik l\u00f5ikes 2 s\u00e4testatud ajavahemikus saabunud ravij\u00e4rjekorra taotlused olenemata ravij\u00e4rjekorra pikkusest ja muudest asjaoludest. Kui tervishoiuteenuse osutaja registreerib patsiendi ravij\u00e4rjekorda [&hellip;]\" \/>\n<meta property=\"og:url\" content=\"https:\/\/www.k3hambaravi.ee\/ru\/ravijarjekorra-pidamise-nouded\/\" \/>\n<meta property=\"og:site_name\" content=\"K3 Hambaravi\" \/>\n<meta property=\"article:modified_time\" content=\"2021-01-20T22:03:56+00:00\" \/>\n<meta property=\"og:image\" content=\"https:\/\/www.k3hambaravi.ee\/wp-content\/uploads\/2020\/12\/cropped-K3-logo-01-1.png\" \/>\n\t<meta property=\"og:image:width\" content=\"400\" \/>\n\t<meta property=\"og:image:height\" content=\"266\" \/>\n\t<meta property=\"og:image:type\" content=\"image\/png\" \/>\n<meta name=\"twitter:card\" content=\"summary_large_image\" \/>\n<script type=\"application\/ld+json\" class=\"yoast-schema-graph\">{\"@context\":\"https:\\\/\\\/schema.org\",\"@graph\":[{\"@type\":\"WebPage\",\"@id\":\"https:\\\/\\\/www.k3hambaravi.ee\\\/ravijarjekorra-pidamise-nouded\\\/\",\"url\":\"https:\\\/\\\/www.k3hambaravi.ee\\\/ravijarjekorra-pidamise-nouded\\\/\",\"name\":\"Ravij\u00e4rjekorra pidamise n\u00f5uded | K3 Hambaravi\",\"isPartOf\":{\"@id\":\"https:\\\/\\\/www.k3hambaravi.ee\\\/#website\"},\"datePublished\":\"2021-01-20T22:02:45+00:00\",\"dateModified\":\"2021-01-20T22:03:56+00:00\",\"breadcrumb\":{\"@id\":\"https:\\\/\\\/www.k3hambaravi.ee\\\/ravijarjekorra-pidamise-nouded\\\/#breadcrumb\"},\"inLanguage\":\"ru-RU\",\"potentialAction\":[{\"@type\":\"ReadAction\",\"target\":[\"https:\\\/\\\/www.k3hambaravi.ee\\\/ravijarjekorra-pidamise-nouded\\\/\"]}]},{\"@type\":\"BreadcrumbList\",\"@id\":\"https:\\\/\\\/www.k3hambaravi.ee\\\/ravijarjekorra-pidamise-nouded\\\/#breadcrumb\",\"itemListElement\":[{\"@type\":\"ListItem\",\"position\":1,\"name\":\"Home\",\"item\":\"https:\\\/\\\/www.k3hambaravi.ee\\\/\"},{\"@type\":\"ListItem\",\"position\":2,\"name\":\"Ravij\u00e4rjekorra pidamise n\u00f5uded\"}]},{\"@type\":\"WebSite\",\"@id\":\"https:\\\/\\\/www.k3hambaravi.ee\\\/#website\",\"url\":\"https:\\\/\\\/www.k3hambaravi.ee\\\/\",\"name\":\"K3 Hambaravi\",\"description\":\"Kaasaegne hambaravikliinik Tallinna s&uuml;dalinnas\",\"publisher\":{\"@id\":\"https:\\\/\\\/www.k3hambaravi.ee\\\/#organization\"},\"potentialAction\":[{\"@type\":\"SearchAction\",\"target\":{\"@type\":\"EntryPoint\",\"urlTemplate\":\"https:\\\/\\\/www.k3hambaravi.ee\\\/?s={search_term_string}\"},\"query-input\":{\"@type\":\"PropertyValueSpecification\",\"valueRequired\":true,\"valueName\":\"search_term_string\"}}],\"inLanguage\":\"ru-RU\"},{\"@type\":\"Organization\",\"@id\":\"https:\\\/\\\/www.k3hambaravi.ee\\\/#organization\",\"name\":\"K3 Hambaravi\",\"url\":\"https:\\\/\\\/www.k3hambaravi.ee\\\/\",\"logo\":{\"@type\":\"ImageObject\",\"inLanguage\":\"ru-RU\",\"@id\":\"https:\\\/\\\/www.k3hambaravi.ee\\\/#\\\/schema\\\/logo\\\/image\\\/\",\"url\":\"https:\\\/\\\/www.k3hambaravi.ee\\\/wp-content\\\/uploads\\\/2020\\\/12\\\/cropped-K3-logo-01-1.png\",\"contentUrl\":\"https:\\\/\\\/www.k3hambaravi.ee\\\/wp-content\\\/uploads\\\/2020\\\/12\\\/cropped-K3-logo-01-1.png\",\"width\":400,\"height\":266,\"caption\":\"K3 Hambaravi\"},\"image\":{\"@id\":\"https:\\\/\\\/www.k3hambaravi.ee\\\/#\\\/schema\\\/logo\\\/image\\\/\"}}]}<\/script>\n<!-- \/ Yoast SEO plugin. -->","yoast_head_json":{"title":"Ravij\u00e4rjekorra pidamise n\u00f5uded | K3 Hambaravi","robots":{"index":"index","follow":"follow","max-snippet":"max-snippet:-1","max-image-preview":"max-image-preview:large","max-video-preview":"max-video-preview:-1"},"canonical":"https:\/\/www.k3hambaravi.ee\/ru\/ravijarjekorra-pidamise-nouded\/","og_locale":"ru_RU","og_type":"article","og_title":"Ravij\u00e4rjekorra pidamise n\u00f5uded | K3 Hambaravi","og_description":"Alus: Sotsiaalministri m\u00e4\u00e4rus \u201cTervishoiuteenuste k\u00e4ttesaadavuse ja ravij\u00e4rjekorra pidamise\u00a0 n\u00f5uded\u201c, mis j\u00f5ustus 01.09.2008.a. K 3 Hambaravi O\u00dc \u00a0peab ravij\u00e4rjekorda meditsiinitarkvaras\u00a0 Hammas. Patsientide ravij\u00e4rjekorda registreerimine on tagatud kliiniku t\u00f6\u00f6aja jooksul. Tervishoiuteenuse osutaja on kohustatud esimesel p\u00f6\u00f6rdumisel registreerima k\u00f5ik l\u00f5ikes 2 s\u00e4testatud ajavahemikus saabunud ravij\u00e4rjekorra taotlused olenemata ravij\u00e4rjekorra pikkusest ja muudest asjaoludest. Kui tervishoiuteenuse osutaja registreerib patsiendi ravij\u00e4rjekorda [&hellip;]","og_url":"https:\/\/www.k3hambaravi.ee\/ru\/ravijarjekorra-pidamise-nouded\/","og_site_name":"K3 Hambaravi","article_modified_time":"2021-01-20T22:03:56+00:00","og_image":[{"width":400,"height":266,"url":"https:\/\/www.k3hambaravi.ee\/wp-content\/uploads\/2020\/12\/cropped-K3-logo-01-1.png","type":"image\/png"}],"twitter_card":"summary_large_image","schema":{"@context":"https:\/\/schema.org","@graph":[{"@type":"WebPage","@id":"https:\/\/www.k3hambaravi.ee\/ravijarjekorra-pidamise-nouded\/","url":"https:\/\/www.k3hambaravi.ee\/ravijarjekorra-pidamise-nouded\/","name":"Ravij\u00e4rjekorra pidamise n\u00f5uded | K3 Hambaravi","isPartOf":{"@id":"https:\/\/www.k3hambaravi.ee\/#website"},"datePublished":"2021-01-20T22:02:45+00:00","dateModified":"2021-01-20T22:03:56+00:00","breadcrumb":{"@id":"https:\/\/www.k3hambaravi.ee\/ravijarjekorra-pidamise-nouded\/#breadcrumb"},"inLanguage":"ru-RU","potentialAction":[{"@type":"ReadAction","target":["https:\/\/www.k3hambaravi.ee\/ravijarjekorra-pidamise-nouded\/"]}]},{"@type":"BreadcrumbList","@id":"https:\/\/www.k3hambaravi.ee\/ravijarjekorra-pidamise-nouded\/#breadcrumb","itemListElement":[{"@type":"ListItem","position":1,"name":"Home","item":"https:\/\/www.k3hambaravi.ee\/"},{"@type":"ListItem","position":2,"name":"Ravij\u00e4rjekorra pidamise n\u00f5uded"}]},{"@type":"WebSite","@id":"https:\/\/www.k3hambaravi.ee\/#website","url":"https:\/\/www.k3hambaravi.ee\/","name":"\u041a3 \u0417\u0423\u0411\u041d\u0410\u042f \u041a\u041b\u0418\u041d\u0418\u041a\u0410","description":"Kaasaegne hambaravikliinik Tallinna s&uuml;dalinnas","publisher":{"@id":"https:\/\/www.k3hambaravi.ee\/#organization"},"potentialAction":[{"@type":"SearchAction","target":{"@type":"EntryPoint","urlTemplate":"https:\/\/www.k3hambaravi.ee\/?s={search_term_string}"},"query-input":{"@type":"PropertyValueSpecification","valueRequired":true,"valueName":"search_term_string"}}],"inLanguage":"ru-RU"},{"@type":"Organization","@id":"https:\/\/www.k3hambaravi.ee\/#organization","name":"\u041a3 \u0417\u0423\u0411\u041d\u0410\u042f \u041a\u041b\u0418\u041d\u0418\u041a\u0410","url":"https:\/\/www.k3hambaravi.ee\/","logo":{"@type":"ImageObject","inLanguage":"ru-RU","@id":"https:\/\/www.k3hambaravi.ee\/#\/schema\/logo\/image\/","url":"https:\/\/www.k3hambaravi.ee\/wp-content\/uploads\/2020\/12\/cropped-K3-logo-01-1.png","contentUrl":"https:\/\/www.k3hambaravi.ee\/wp-content\/uploads\/2020\/12\/cropped-K3-logo-01-1.png","width":400,"height":266,"caption":"K3 Hambaravi"},"image":{"@id":"https:\/\/www.k3hambaravi.ee\/#\/schema\/logo\/image\/"}}]}},"_links":{"self":[{"href":"https:\/\/www.k3hambaravi.ee\/ru\/wp-json\/wp\/v2\/pages\/1354","targetHints":{"allow":["GET"]}}],"collection":[{"href":"https:\/\/www.k3hambaravi.ee\/ru\/wp-json\/wp\/v2\/pages"}],"about":[{"href":"https:\/\/www.k3hambaravi.ee\/ru\/wp-json\/wp\/v2\/types\/page"}],"author":[{"embeddable":true,"href":"https:\/\/www.k3hambaravi.ee\/ru\/wp-json\/wp\/v2\/users\/4"}],"replies":[{"embeddable":true,"href":"https:\/\/www.k3hambaravi.ee\/ru\/wp-json\/wp\/v2\/comments?post=1354"}],"version-history":[{"count":0,"href":"https:\/\/www.k3hambaravi.ee\/ru\/wp-json\/wp\/v2\/pages\/1354\/revisions"}],"wp:attachment":[{"href":"https:\/\/www.k3hambaravi.ee\/ru\/wp-json\/wp\/v2\/media?parent=1354"}],"curies":[{"name":"wp","href":"https:\/\/api.w.org\/{rel}","templated":true}]}}